

{"id":86,"date":"2018-10-17T08:49:58","date_gmt":"2018-10-17T06:49:58","guid":{"rendered":"https:\/\/www.avellino.se\/ica-kvantum-kungsbacka\/produkt\/import-placeholder-for-13059\/"},"modified":"2024-02-01T11:09:31","modified_gmt":"2024-02-01T10:09:31","slug":"tonfiskrora-sandwich","status":"publish","type":"product","link":"https:\/\/www.avellino.se\/ica-maxi-goteborg\/produkt\/tonfiskrora-sandwich\/","title":{"rendered":"Tonfiskr\u00f6ra sandwich"},"content":{"rendered":"<p><strong>Inneh\u00e5ll:<\/strong>\u00a0ton<strong>FISK<\/strong>r\u00f6ra 33%(citronpeppar (salt, syra, svartpeppar, potatisst\u00e4rkelse, socker, l\u00f6k, arom, citronjuisekoncentrat),<br \/>\nsweet chilli s\u00e5s (socker,vatten,chillipeppar, \u00e4ttika, modifierad majsst\u00e4rkelse, citronsyra), \u00e4kta majonn\u00e4s(vegetabilisk olja, vin\u00e4ger, vatten, <strong>\u00c4GGULA, SENAP<\/strong>, glucos, salt, citronjuce, E412, konserveringsm. E202, antioxidationmedel E330, E385, \u00f6rter, f\u00e4rg\u00e4mne E160a, paprika),<strong>TONFISK<\/strong> 37% i vatten\u00a0<strong>(TONFISK,<\/strong> vatten, salt) r\u00f6dl\u00f6k, kokt potatis, majs, sm\u00f6rg\u00e5sgurka, purjol\u00f6k, torr dill), sm\u00f6rg\u00e5sgurka (gurka, socker, <strong>SENAPFR\u00d6<\/strong>, \u00e4ttika, dill), gurka, salladsblad.<br \/>\nBr\u00f6d: <strong>VETEMJ\u00d6L<\/strong>, vatten, fullkorns<strong>VETEMJ\u00d6L<\/strong>, siktat <strong>R\u00c5GMJ\u00d6L<\/strong>, fullkorns<strong>R\u00c5G, VETEGLUTEN,<\/strong> solrosfr\u00f6, <strong>VETE<\/strong>k\u00e4rnor, <strong>HAVRE<\/strong>fiber, surdeg p\u00e5 <strong>VETE<\/strong>, malt av <strong>KORN<\/strong>, j\u00e4st, salt, rapsolja<\/p>\n","protected":false},"excerpt":{"rendered":"<p>Sandwich med v\u00e5r tonfiskr\u00f6ra, gurka och salladsblad.<\/p>\n","protected":false},"featured_media":160,"template":"","meta":[],"product_brand":[],"product_cat":[19],"product_tag":[],"class_list":{"0":"post-86","1":"product","2":"type-product","3":"status-publish","4":"has-post-thumbnail","6":"product_cat-smorgasar","8":"first","9":"instock","10":"purchasable","11":"product-type-simple"},"yoast_head":"<!-- This site is optimized with the Yoast SEO plugin v27.6 - https:\/\/yoast.com\/product\/yoast-seo-wordpress\/ -->\n<title>Tonfiskr\u00f6ra sandwich - ICA Maxi G\u00f6teborg<\/title>\n<meta name=\"robots\" content=\"index, follow, max-snippet:-1, max-image-preview:large, max-video-preview:-1\" \/>\n<link rel=\"canonical\" href=\"https:\/\/www.avellino.se\/ica-maxi-goteborg\/produkt\/tonfiskrora-sandwich\/\" \/>\n<meta property=\"og:locale\" content=\"sv_SE\" \/>\n<meta property=\"og:type\" content=\"article\" \/>\n<meta property=\"og:title\" content=\"Tonfiskr\u00f6ra sandwich - ICA Maxi G\u00f6teborg\" \/>\n<meta property=\"og:description\" content=\"Sandwich med v\u00e5r tonfiskr\u00f6ra, gurka och salladsblad.\" \/>\n<meta property=\"og:url\" content=\"https:\/\/www.avellino.se\/ica-maxi-goteborg\/produkt\/tonfiskrora-sandwich\/\" \/>\n<meta property=\"og:site_name\" content=\"ICA Maxi G\u00f6teborg\" \/>\n<meta property=\"article:modified_time\" content=\"2024-02-01T10:09:31+00:00\" \/>\n<meta property=\"og:image\" content=\"https:\/\/www.avellino.se\/ica-maxi-goteborg\/wp-content\/uploads\/sites\/92\/2018\/10\/smorgasar-tonfisk-sandwich.png\" \/>\n\t<meta property=\"og:image:width\" content=\"1200\" \/>\n\t<meta property=\"og:image:height\" content=\"1200\" \/>\n\t<meta property=\"og:image:type\" content=\"image\/png\" \/>\n<meta name=\"twitter:card\" content=\"summary_large_image\" \/>\n<meta name=\"twitter:label1\" content=\"Ber\u00e4knad l\u00e4stid\" \/>\n\t<meta name=\"twitter:data1\" content=\"1 minut\" \/>\n<script type=\"application\/ld+json\" class=\"yoast-schema-graph\">{\"@context\":\"https:\\\/\\\/schema.org\",\"@graph\":[{\"@type\":\"WebPage\",\"@id\":\"https:\\\/\\\/www.avellino.se\\\/ica-maxi-goteborg\\\/produkt\\\/tonfiskrora-sandwich\\\/\",\"url\":\"https:\\\/\\\/www.avellino.se\\\/ica-maxi-goteborg\\\/produkt\\\/tonfiskrora-sandwich\\\/\",\"name\":\"Tonfiskr\u00f6ra sandwich - ICA Maxi G\u00f6teborg\",\"isPartOf\":{\"@id\":\"https:\\\/\\\/www.avellino.se\\\/ica-maxi-goteborg\\\/#website\"},\"primaryImageOfPage\":{\"@id\":\"https:\\\/\\\/www.avellino.se\\\/ica-maxi-goteborg\\\/produkt\\\/tonfiskrora-sandwich\\\/#primaryimage\"},\"image\":{\"@id\":\"https:\\\/\\\/www.avellino.se\\\/ica-maxi-goteborg\\\/produkt\\\/tonfiskrora-sandwich\\\/#primaryimage\"},\"thumbnailUrl\":\"https:\\\/\\\/www.avellino.se\\\/ica-maxi-goteborg\\\/wp-content\\\/uploads\\\/sites\\\/92\\\/2018\\\/10\\\/smorgasar-tonfisk-sandwich.png\",\"datePublished\":\"2018-10-17T06:49:58+00:00\",\"dateModified\":\"2024-02-01T10:09:31+00:00\",\"breadcrumb\":{\"@id\":\"https:\\\/\\\/www.avellino.se\\\/ica-maxi-goteborg\\\/produkt\\\/tonfiskrora-sandwich\\\/#breadcrumb\"},\"inLanguage\":\"sv-SE\",\"potentialAction\":[{\"@type\":\"ReadAction\",\"target\":[\"https:\\\/\\\/www.avellino.se\\\/ica-maxi-goteborg\\\/produkt\\\/tonfiskrora-sandwich\\\/\"]}]},{\"@type\":\"ImageObject\",\"inLanguage\":\"sv-SE\",\"@id\":\"https:\\\/\\\/www.avellino.se\\\/ica-maxi-goteborg\\\/produkt\\\/tonfiskrora-sandwich\\\/#primaryimage\",\"url\":\"https:\\\/\\\/www.avellino.se\\\/ica-maxi-goteborg\\\/wp-content\\\/uploads\\\/sites\\\/92\\\/2018\\\/10\\\/smorgasar-tonfisk-sandwich.png\",\"contentUrl\":\"https:\\\/\\\/www.avellino.se\\\/ica-maxi-goteborg\\\/wp-content\\\/uploads\\\/sites\\\/92\\\/2018\\\/10\\\/smorgasar-tonfisk-sandwich.png\",\"width\":1200,\"height\":1200},{\"@type\":\"BreadcrumbList\",\"@id\":\"https:\\\/\\\/www.avellino.se\\\/ica-maxi-goteborg\\\/produkt\\\/tonfiskrora-sandwich\\\/#breadcrumb\",\"itemListElement\":[{\"@type\":\"ListItem\",\"position\":1,\"name\":\"Hem\",\"item\":\"https:\\\/\\\/www.avellino.se\\\/ica-maxi-goteborg\\\/\"},{\"@type\":\"ListItem\",\"position\":2,\"name\":\"Shop\",\"item\":\"https:\\\/\\\/www.avellino.se\\\/ica-maxi-goteborg\\\/shop\\\/\"},{\"@type\":\"ListItem\",\"position\":3,\"name\":\"Tonfiskr\u00f6ra sandwich\"}]},{\"@type\":\"WebSite\",\"@id\":\"https:\\\/\\\/www.avellino.se\\\/ica-maxi-goteborg\\\/#website\",\"url\":\"https:\\\/\\\/www.avellino.se\\\/ica-maxi-goteborg\\\/\",\"name\":\"ICA Maxi G\u00f6teborg\",\"description\":\"\",\"potentialAction\":[{\"@type\":\"SearchAction\",\"target\":{\"@type\":\"EntryPoint\",\"urlTemplate\":\"https:\\\/\\\/www.avellino.se\\\/ica-maxi-goteborg\\\/?s={search_term_string}\"},\"query-input\":{\"@type\":\"PropertyValueSpecification\",\"valueRequired\":true,\"valueName\":\"search_term_string\"}}],\"inLanguage\":\"sv-SE\"}]}<\/script>\n<!-- \/ Yoast SEO plugin. -->","yoast_head_json":{"title":"Tonfiskr\u00f6ra sandwich - ICA Maxi G\u00f6teborg","robots":{"index":"index","follow":"follow","max-snippet":"max-snippet:-1","max-image-preview":"max-image-preview:large","max-video-preview":"max-video-preview:-1"},"canonical":"https:\/\/www.avellino.se\/ica-maxi-goteborg\/produkt\/tonfiskrora-sandwich\/","og_locale":"sv_SE","og_type":"article","og_title":"Tonfiskr\u00f6ra sandwich - ICA Maxi G\u00f6teborg","og_description":"Sandwich med v\u00e5r tonfiskr\u00f6ra, gurka och salladsblad.","og_url":"https:\/\/www.avellino.se\/ica-maxi-goteborg\/produkt\/tonfiskrora-sandwich\/","og_site_name":"ICA Maxi G\u00f6teborg","article_modified_time":"2024-02-01T10:09:31+00:00","og_image":[{"width":1200,"height":1200,"url":"https:\/\/www.avellino.se\/ica-maxi-goteborg\/wp-content\/uploads\/sites\/92\/2018\/10\/smorgasar-tonfisk-sandwich.png","type":"image\/png"}],"twitter_card":"summary_large_image","twitter_misc":{"Ber\u00e4knad l\u00e4stid":"1 minut"},"schema":{"@context":"https:\/\/schema.org","@graph":[{"@type":"WebPage","@id":"https:\/\/www.avellino.se\/ica-maxi-goteborg\/produkt\/tonfiskrora-sandwich\/","url":"https:\/\/www.avellino.se\/ica-maxi-goteborg\/produkt\/tonfiskrora-sandwich\/","name":"Tonfiskr\u00f6ra sandwich - ICA Maxi G\u00f6teborg","isPartOf":{"@id":"https:\/\/www.avellino.se\/ica-maxi-goteborg\/#website"},"primaryImageOfPage":{"@id":"https:\/\/www.avellino.se\/ica-maxi-goteborg\/produkt\/tonfiskrora-sandwich\/#primaryimage"},"image":{"@id":"https:\/\/www.avellino.se\/ica-maxi-goteborg\/produkt\/tonfiskrora-sandwich\/#primaryimage"},"thumbnailUrl":"https:\/\/www.avellino.se\/ica-maxi-goteborg\/wp-content\/uploads\/sites\/92\/2018\/10\/smorgasar-tonfisk-sandwich.png","datePublished":"2018-10-17T06:49:58+00:00","dateModified":"2024-02-01T10:09:31+00:00","breadcrumb":{"@id":"https:\/\/www.avellino.se\/ica-maxi-goteborg\/produkt\/tonfiskrora-sandwich\/#breadcrumb"},"inLanguage":"sv-SE","potentialAction":[{"@type":"ReadAction","target":["https:\/\/www.avellino.se\/ica-maxi-goteborg\/produkt\/tonfiskrora-sandwich\/"]}]},{"@type":"ImageObject","inLanguage":"sv-SE","@id":"https:\/\/www.avellino.se\/ica-maxi-goteborg\/produkt\/tonfiskrora-sandwich\/#primaryimage","url":"https:\/\/www.avellino.se\/ica-maxi-goteborg\/wp-content\/uploads\/sites\/92\/2018\/10\/smorgasar-tonfisk-sandwich.png","contentUrl":"https:\/\/www.avellino.se\/ica-maxi-goteborg\/wp-content\/uploads\/sites\/92\/2018\/10\/smorgasar-tonfisk-sandwich.png","width":1200,"height":1200},{"@type":"BreadcrumbList","@id":"https:\/\/www.avellino.se\/ica-maxi-goteborg\/produkt\/tonfiskrora-sandwich\/#breadcrumb","itemListElement":[{"@type":"ListItem","position":1,"name":"Hem","item":"https:\/\/www.avellino.se\/ica-maxi-goteborg\/"},{"@type":"ListItem","position":2,"name":"Shop","item":"https:\/\/www.avellino.se\/ica-maxi-goteborg\/shop\/"},{"@type":"ListItem","position":3,"name":"Tonfiskr\u00f6ra sandwich"}]},{"@type":"WebSite","@id":"https:\/\/www.avellino.se\/ica-maxi-goteborg\/#website","url":"https:\/\/www.avellino.se\/ica-maxi-goteborg\/","name":"ICA Maxi G\u00f6teborg","description":"","potentialAction":[{"@type":"SearchAction","target":{"@type":"EntryPoint","urlTemplate":"https:\/\/www.avellino.se\/ica-maxi-goteborg\/?s={search_term_string}"},"query-input":{"@type":"PropertyValueSpecification","valueRequired":true,"valueName":"search_term_string"}}],"inLanguage":"sv-SE"}]}},"_links":{"self":[{"href":"https:\/\/www.avellino.se\/ica-maxi-goteborg\/wp-json\/wp\/v2\/product\/86","targetHints":{"allow":["GET"]}}],"collection":[{"href":"https:\/\/www.avellino.se\/ica-maxi-goteborg\/wp-json\/wp\/v2\/product"}],"about":[{"href":"https:\/\/www.avellino.se\/ica-maxi-goteborg\/wp-json\/wp\/v2\/types\/product"}],"wp:featuredmedia":[{"embeddable":true,"href":"https:\/\/www.avellino.se\/ica-maxi-goteborg\/wp-json\/wp\/v2\/media\/160"}],"wp:attachment":[{"href":"https:\/\/www.avellino.se\/ica-maxi-goteborg\/wp-json\/wp\/v2\/media?parent=86"}],"wp:term":[{"taxonomy":"product_brand","embeddable":true,"href":"https:\/\/www.avellino.se\/ica-maxi-goteborg\/wp-json\/wp\/v2\/product_brand?post=86"},{"taxonomy":"product_cat","embeddable":true,"href":"https:\/\/www.avellino.se\/ica-maxi-goteborg\/wp-json\/wp\/v2\/product_cat?post=86"},{"taxonomy":"product_tag","embeddable":true,"href":"https:\/\/www.avellino.se\/ica-maxi-goteborg\/wp-json\/wp\/v2\/product_tag?post=86"}],"curies":[{"name":"wp","href":"https:\/\/api.w.org\/{rel}","templated":true}]}}