

{"id":724,"date":"2020-02-04T08:22:53","date_gmt":"2020-02-04T07:22:53","guid":{"rendered":"https:\/\/www.avellino.se\/ica-maxi-goteborg\/?post_type=product&#038;p=724"},"modified":"2024-02-01T11:17:05","modified_gmt":"2024-02-01T10:17:05","slug":"poke-bowl-tofu","status":"publish","type":"product","link":"https:\/\/www.avellino.se\/ica-maxi-goteborg\/produkt\/poke-bowl-tofu\/","title":{"rendered":"Pok\u00e9 bowl tofu"},"content":{"rendered":"<p><strong>Inneh\u00e5ll:<\/strong> ris (ris, vatten, salt), tofu 18% (sojab\u00f6nor, vatten, mineralsalt), mango, <strong>SOJA<\/strong>b\u00f6nor, gurka, babyspenat, svart <strong>SESAM<\/strong> fr\u00f6n, r\u00f6dl\u00f6k (l\u00f6k, \u00e4ttika sprit, socker), morot, avocado, s\u00e5s (rapsolja, vatten, socker, chili, tomatpur\u00e9, vin\u00e4ger, <strong>SENAPSFR\u00d6<\/strong>, vitl\u00f6k, vitl\u00f6ksolja, \u00e4ttika, salt, kryddor, kryddextrakt, modifierad st\u00e4rkelse (majs, potatis), potatisprotein, surhetsreglerande medel (citronsyra), stabiliseringsmedel (xantangummi), konserveringsmedel (natriumbensoat, kaliumsorbat), naturlig arom).<\/p>\n","protected":false},"excerpt":{"rendered":"<p>En matig sallad med ris &amp; tofu<\/p>\n","protected":false},"featured_media":111,"template":"","meta":[],"product_brand":[],"product_cat":[18],"product_tag":[],"class_list":{"0":"post-724","1":"product","2":"type-product","3":"status-publish","4":"has-post-thumbnail","6":"product_cat-sallader","8":"first","9":"instock","10":"purchasable","11":"product-type-simple"},"_links":{"self":[{"href":"https:\/\/www.avellino.se\/ica-maxi-goteborg\/wp-json\/wp\/v2\/product\/724","targetHints":{"allow":["GET"]}}],"collection":[{"href":"https:\/\/www.avellino.se\/ica-maxi-goteborg\/wp-json\/wp\/v2\/product"}],"about":[{"href":"https:\/\/www.avellino.se\/ica-maxi-goteborg\/wp-json\/wp\/v2\/types\/product"}],"wp:featuredmedia":[{"embeddable":true,"href":"https:\/\/www.avellino.se\/ica-maxi-goteborg\/wp-json\/wp\/v2\/media\/111"}],"wp:attachment":[{"href":"https:\/\/www.avellino.se\/ica-maxi-goteborg\/wp-json\/wp\/v2\/media?parent=724"}],"wp:term":[{"taxonomy":"product_brand","embeddable":true,"href":"https:\/\/www.avellino.se\/ica-maxi-goteborg\/wp-json\/wp\/v2\/product_brand?post=724"},{"taxonomy":"product_cat","embeddable":true,"href":"https:\/\/www.avellino.se\/ica-maxi-goteborg\/wp-json\/wp\/v2\/product_cat?post=724"},{"taxonomy":"product_tag","embeddable":true,"href":"https:\/\/www.avellino.se\/ica-maxi-goteborg\/wp-json\/wp\/v2\/product_tag?post=724"}],"curies":[{"name":"wp","href":"https:\/\/api.w.org\/{rel}","templated":true}]}}