

{"id":58,"date":"2018-10-17T08:47:54","date_gmt":"2018-10-17T06:47:54","guid":{"rendered":"https:\/\/www.avellino.se\/ica-kvantum-kungsbacka\/produkt\/import-placeholder-for-13043\/"},"modified":"2024-02-01T11:22:00","modified_gmt":"2024-02-01T10:22:00","slug":"pastasallad-med-rakor","status":"publish","type":"product","link":"https:\/\/www.avellino.se\/ica-maxi-goteborg\/produkt\/pastasallad-med-rakor\/","title":{"rendered":"Pastasallad med r\u00e4kor"},"content":{"rendered":"<p><strong>Inneh\u00e5ll:<\/strong>\u00a0pasta (durum<strong>VETE<\/strong> 100%) soltorkad tomat r\u00f6ra (salladskrydda (salt, l\u00f6k, vitl\u00f6k, \u00f6rter (persilja, oregano, basilika, timjan, dragon, salvia), druvsocker, purjol\u00f6k, klumpf\u00f6rebyggande medel (kiseldioxid)), olja, soltrokade tomater) ruccola, babyspenat, r\u00f6d mangold, gurka, tomat, \u00e4rtor, r\u00f6d l\u00f6k, peperoni (peperoni, vatten, havssalt, surhetsreglerande medel: \u00e4ttiksyra, citronsyra, konserveringsmedel: E211 och E223), oliver (oliver, vatten, paprikapasta (paprika, f\u00f6rtjockn.medel (natriumalginat, guargummi), stabiliser.medel (E509), konserv.medel (E202), salt, syra (mj\u00f6lksyra)), majs, <strong>\u00c4GG<\/strong> (<strong>\u00c4GG<\/strong>, salt, \u00e4ttika, citronsyraE330), citron, <strong>R\u00c4KOR<\/strong> 19% i lag (<strong>R\u00c4KOR<\/strong>, vatten, salt, surhetsreglerandemedel, citronsyra,konserveringsmedel,natriumbensoat E211, kaliumbensoat E202), vinegrett ( olja, balsamico vin\u00e4ger (vin\u00e4ger av vin, koncentrerad druvmust), salladskrydda (salt, l\u00f6k, vitl\u00f6k, \u00f6rter (persilja, oregano, basilika, timjan, dragon, salvia), druvsocker, purjol\u00f6k, klumpf\u00f6rebyggande medel (kiseldioxid)), citron.<\/p>\n","protected":false},"excerpt":{"rendered":"<p>Sallad gj\u00f6rd p\u00e5 pasta med pesto samt r\u00e4kor och gr\u00f6nsaker.<\/p>\n","protected":false},"featured_media":122,"template":"","meta":[],"product_brand":[],"product_cat":[18],"product_tag":[],"class_list":{"0":"post-58","1":"product","2":"type-product","3":"status-publish","4":"has-post-thumbnail","6":"product_cat-sallader","8":"first","9":"instock","10":"purchasable","11":"product-type-simple"},"_links":{"self":[{"href":"https:\/\/www.avellino.se\/ica-maxi-goteborg\/wp-json\/wp\/v2\/product\/58","targetHints":{"allow":["GET"]}}],"collection":[{"href":"https:\/\/www.avellino.se\/ica-maxi-goteborg\/wp-json\/wp\/v2\/product"}],"about":[{"href":"https:\/\/www.avellino.se\/ica-maxi-goteborg\/wp-json\/wp\/v2\/types\/product"}],"wp:featuredmedia":[{"embeddable":true,"href":"https:\/\/www.avellino.se\/ica-maxi-goteborg\/wp-json\/wp\/v2\/media\/122"}],"wp:attachment":[{"href":"https:\/\/www.avellino.se\/ica-maxi-goteborg\/wp-json\/wp\/v2\/media?parent=58"}],"wp:term":[{"taxonomy":"product_brand","embeddable":true,"href":"https:\/\/www.avellino.se\/ica-maxi-goteborg\/wp-json\/wp\/v2\/product_brand?post=58"},{"taxonomy":"product_cat","embeddable":true,"href":"https:\/\/www.avellino.se\/ica-maxi-goteborg\/wp-json\/wp\/v2\/product_cat?post=58"},{"taxonomy":"product_tag","embeddable":true,"href":"https:\/\/www.avellino.se\/ica-maxi-goteborg\/wp-json\/wp\/v2\/product_tag?post=58"}],"curies":[{"name":"wp","href":"https:\/\/api.w.org\/{rel}","templated":true}]}}