

{"id":56,"date":"2018-10-17T08:47:53","date_gmt":"2018-10-17T06:47:53","guid":{"rendered":"https:\/\/www.avellino.se\/ica-kvantum-kungsbacka\/produkt\/import-placeholder-for-13041\/"},"modified":"2022-11-10T11:30:08","modified_gmt":"2022-11-10T10:30:08","slug":"gronsakssallad-med-kyckling","status":"publish","type":"product","link":"https:\/\/www.avellino.se\/ica-maxi-goteborg\/produkt\/gronsakssallad-med-kyckling\/","title":{"rendered":"Gr\u00f6nsakssallad med kyckling"},"content":{"rendered":"<p><strong>Inneh\u00e5ll:<\/strong>\u00a0ruccola, babyspenat, r\u00f6d mangold, gurka, tomat, peperoni (peperoni, vatten, havssalt, surhetsreglerande medel: \u00e4ttiksyra, citronsyra, konserveringsmedel: E211 och E223), r\u00f6dl\u00f6k, oliver (oliver, vatten, paprikapasta (paprika, f\u00f6rtjockn.medel (natriumalginat, guargummi), stabiliser.medel (E509), konserv.medel (E202), salt, syra (mj\u00f6lksyra)), kycklingfile (kycklingbr\u00f6stfile, salt, vatten, j\u00e4stextrakt, E451, potatisst\u00e4rkelse, dextros), citronpeppar (salt, syra, svartpeppar, potatisst\u00e4rkelse, socker, l\u00f6k, arom, citronjuisekoncentrat),sweet chilli s\u00e5s (socker, vatten, chillipeppar, \u00e4ttika, modifierad majsst\u00e4rkelse, citronsyra), majs, \u00e4rtor, dressing: vinegrett ( olja, balsamico vin\u00e4ger (vin\u00e4ger av vin, koncentrerad druvmust), salladskrydda (salt, l\u00f6k, vitl\u00f6k, \u00f6rter (persilja, oregano, basilika, timjan, dragon, salvia), druvsocker, purjol\u00f6k, klumpf\u00f6rebyggande medel (kiseldioxid)).<\/p>\n","protected":false},"excerpt":{"rendered":"<p>Matig gr\u00f6nsakssallad med grillad kycklingfil\u00e9, kidney b\u00f6nor och kik\u00e4rtor.<\/p>\n","protected":false},"featured_media":116,"template":"","meta":[],"product_brand":[],"product_cat":[18],"product_tag":[],"class_list":{"0":"post-56","1":"product","2":"type-product","3":"status-publish","4":"has-post-thumbnail","6":"product_cat-sallader","8":"first","9":"instock","10":"purchasable","11":"product-type-simple"},"_links":{"self":[{"href":"https:\/\/www.avellino.se\/ica-maxi-goteborg\/wp-json\/wp\/v2\/product\/56","targetHints":{"allow":["GET"]}}],"collection":[{"href":"https:\/\/www.avellino.se\/ica-maxi-goteborg\/wp-json\/wp\/v2\/product"}],"about":[{"href":"https:\/\/www.avellino.se\/ica-maxi-goteborg\/wp-json\/wp\/v2\/types\/product"}],"wp:featuredmedia":[{"embeddable":true,"href":"https:\/\/www.avellino.se\/ica-maxi-goteborg\/wp-json\/wp\/v2\/media\/116"}],"wp:attachment":[{"href":"https:\/\/www.avellino.se\/ica-maxi-goteborg\/wp-json\/wp\/v2\/media?parent=56"}],"wp:term":[{"taxonomy":"product_brand","embeddable":true,"href":"https:\/\/www.avellino.se\/ica-maxi-goteborg\/wp-json\/wp\/v2\/product_brand?post=56"},{"taxonomy":"product_cat","embeddable":true,"href":"https:\/\/www.avellino.se\/ica-maxi-goteborg\/wp-json\/wp\/v2\/product_cat?post=56"},{"taxonomy":"product_tag","embeddable":true,"href":"https:\/\/www.avellino.se\/ica-maxi-goteborg\/wp-json\/wp\/v2\/product_tag?post=56"}],"curies":[{"name":"wp","href":"https:\/\/api.w.org\/{rel}","templated":true}]}}