

{"id":48,"date":"2023-10-01T12:00:53","date_gmt":"2023-10-01T10:00:53","guid":{"rendered":"https:\/\/www.avellino.se\/ica-kvantum-kungsbacka\/produkt\/import-placeholder-for-13033\/"},"modified":"2024-02-01T11:06:59","modified_gmt":"2024-02-01T10:06:59","slug":"nyarsfat","status":"publish","type":"product","link":"https:\/\/www.avellino.se\/ica-maxi-goteborg\/produkt\/nyarsfat\/","title":{"rendered":"Ny\u00e5rsfat"},"content":{"rendered":"<p><strong>Inneh\u00e5ll:<\/strong> varmr\u00f6kt<strong> LAX (LAX<\/strong>, salt, citronpeppar (salt, svartpeppar,citronsyra, potatisst\u00e4rkelse,socker, l\u00f6k), lufttorkadskinka (skinka, salt, dextros, natriumlaktat, kryddor, natriumaskorbat, kryddextrakt, natriumnitrit), rostbiff (n\u00f6tk\u00f6tt, st\u00e4rkelse, kryddor,naturlig arom, gr\u00f6nsaksjuice, salt, E250, citron, peppar, koriander, kummin, l\u00f6k, paprika) , brie ost ( (past\u00f6riserad <strong>KOMJ\u00d6LK<\/strong>, salt, mikrobiellt ystenzym, syrningskultur), kex (<strong>VETEMJ\u00d6L<\/strong>, vegetabilisk olja,<strong> FULLKORNSVETEMJ\u00d6L<\/strong>, socker, salt, vasslepulver fr\u00e5n MJ\u00d6LK, bakpulver,<strong> SOJAPROTEIN<\/strong>, maltmj\u00f6l av <strong>KORN<\/strong>), oliver (oliver, vatten, paprikapasta (paprika, f\u00f6rtjockningsmedel (natriumalginat, guargummi), stabiliser.medel (E509), konserv.medel (E202), salt, syra (mj\u00f6lksyra)), olja, salladskrydda (salt, l\u00f6k, vitl\u00f6k, \u00f6rter (persilja, oregano, basilika, timjan, dragon, salvia), druvsocker, purjol\u00f6k, klumpf\u00f6rebyggande medel (kiseldioxid)), skalade <strong>R\u00c4KOR (R\u00c4KOR<\/strong>, vatten, salt, surhetsreglerande medel,citronsyra, konserveringsmedel, natriumbensoat E211, kaliumbensoat E202), <strong>\u00c4GG<\/strong> (salt,\u00e4ttika,citronsyra E330),<strong>ROM<\/strong> (loddarom, xantangummi, citronsyra, natriumbensoat, kaliumsorbat, safflorextrakt, l\u00f6kextrakt, karmin), majonn\u00e4s (rapsolja, vin\u00e4ger, vatten, <strong>\u00c4GGULA, SENAP<\/strong>, glukos, salt, citronjuice, E412, konserveringsmedel E202, antioxidationsmedel E330, E385, \u00f6rter, f\u00e4rg\u00e4mne E160a, paprika), druvor, physalis, kiwi, apelsin, cocktail tomater, sallad, dill, citron.<\/p>\n","protected":false},"excerpt":{"rendered":"<p>Lyxigt fat best\u00e5ende av varmr\u00f6kt lax, rostbiff, lufttorkad skinka, \u00e4gghalvor med r\u00e4kor och majon\u00e4s, brieost med tv\u00e5 olika kex och marinerade oliver dekorerat med frukt (druvor, physalis, kiwi, melon) och gr\u00f6nt (cocktail tomater, sallad, dill).<\/p>\n<p>Faten inneh\u00e5ller ca 150 g k\u00f6tt, ost &amp; fisk\/ person<\/p>\n<p><strong><em>Best\u00e4lls i antal portioner.\u00a0<\/em><\/strong><strong><em> Minimum 6 portioner<\/em><\/strong><\/p>\n","protected":false},"featured_media":94,"template":"","meta":[],"product_brand":[],"product_cat":[16],"product_tag":[],"class_list":{"0":"post-48","1":"product","2":"type-product","3":"status-publish","4":"has-post-thumbnail","6":"product_cat-festfat","8":"first","9":"instock","10":"featured","11":"purchasable","12":"product-type-simple"},"_links":{"self":[{"href":"https:\/\/www.avellino.se\/ica-maxi-goteborg\/wp-json\/wp\/v2\/product\/48","targetHints":{"allow":["GET"]}}],"collection":[{"href":"https:\/\/www.avellino.se\/ica-maxi-goteborg\/wp-json\/wp\/v2\/product"}],"about":[{"href":"https:\/\/www.avellino.se\/ica-maxi-goteborg\/wp-json\/wp\/v2\/types\/product"}],"wp:featuredmedia":[{"embeddable":true,"href":"https:\/\/www.avellino.se\/ica-maxi-goteborg\/wp-json\/wp\/v2\/media\/94"}],"wp:attachment":[{"href":"https:\/\/www.avellino.se\/ica-maxi-goteborg\/wp-json\/wp\/v2\/media?parent=48"}],"wp:term":[{"taxonomy":"product_brand","embeddable":true,"href":"https:\/\/www.avellino.se\/ica-maxi-goteborg\/wp-json\/wp\/v2\/product_brand?post=48"},{"taxonomy":"product_cat","embeddable":true,"href":"https:\/\/www.avellino.se\/ica-maxi-goteborg\/wp-json\/wp\/v2\/product_cat?post=48"},{"taxonomy":"product_tag","embeddable":true,"href":"https:\/\/www.avellino.se\/ica-maxi-goteborg\/wp-json\/wp\/v2\/product_tag?post=48"}],"curies":[{"name":"wp","href":"https:\/\/api.w.org\/{rel}","templated":true}]}}