

{"id":39,"date":"2018-10-17T08:47:52","date_gmt":"2018-10-17T06:47:52","guid":{"rendered":"https:\/\/www.avellino.se\/ica-kvantum-kungsbacka\/produkt\/import-placeholder-for-13024\/"},"modified":"2024-02-01T10:46:33","modified_gmt":"2024-02-01T09:46:33","slug":"tapasfat","status":"publish","type":"product","link":"https:\/\/www.avellino.se\/ica-maxi-goteborg\/produkt\/tapasfat\/","title":{"rendered":"Tapasfat"},"content":{"rendered":"<p><strong>Inneh\u00e5ll:<\/strong>\u00a0bresaola( n\u00f6tk\u00f6tt, salt, dextros, arom, E250,E252), lufttorkadskinka (skinka, salt, dextros, natriumlaktat, kryddor, natriumaskorbat, kryddextrakt, natriumnitrit), r\u00f6kt skinka (helmuskelskinka, vatten, salt, druvsocker, E450, E 301, E 250, r\u00f6karom), salami Napoli (fl\u00e4skk\u00f6tt, salt, dextros, kryddor, E300, E301,E 250, E 252), chorizo (grisk\u00f6tt, grisfett, paprika, salt, LAKTOS, socker, majsst\u00e4rkelse, druvsocker, dextrin, <strong>SOJA<\/strong>protein,<strong> MJ\u00d6LK<\/strong> protein, E 300, E 301, E 250), marinerad mjukost (ko<strong>MJ\u00d6LK<\/strong>, salt,<strong> MJ\u00d6LK<\/strong>syrakultur, olja, kryddor, vitl\u00f6k), soltorkadtomat ( soltorkadtomat, olja, salt, vin\u00e4ger (vin, vatten, <strong>SULFITER<\/strong>), socker, askorbinsyra) , oliver (oliver, vatten, paprikapasta (paprika, f\u00f6rtjockningsmedel (natriumalginat, guargummi), stabiliser.medel (E509), konserv.medel (E202), salt, syra (mj\u00f6lksyra)), olja, salladskrydda (salt, l\u00f6k, vitl\u00f6k, \u00f6rter (persilja, oregano, basilika, timjan, dragon, salvia), druvsocker, purjol\u00f6k, klumpf\u00f6rebyggande medel (kiseldioxid)), peperoni (peperoni, vatten, havssalt, surhetsreglerande medel: \u00e4ttiksyra, citronsyra, konserveringsmedel: E211 och E223), tomater, physalis, kiwi.<\/p>\n","protected":false},"excerpt":{"rendered":"<p>L\u00e4ckert fat best\u00e5ende av napoli salami, serrano skinka, chorizo, r\u00f6kt skinka, bresaola, \u00f6lkorv, oliver, inlagd fetaost, inlagda vitl\u00f6ksklyftor, cocktailtomater och pepperoni.<\/p>\n<p>Faten inneh\u00e5ller ca 100 g k\u00f6tt\/person.<\/p>\n<p><strong><em>Best\u00e4lls i antal portioner.\u00a0<\/em><\/strong><strong><em> Minimum 6 portioner<\/em><\/strong><\/p>\n","protected":false},"featured_media":69,"template":"","meta":[],"product_brand":[],"product_cat":[16],"product_tag":[],"class_list":{"0":"post-39","1":"product","2":"type-product","3":"status-publish","4":"has-post-thumbnail","6":"product_cat-festfat","8":"first","9":"instock","10":"purchasable","11":"product-type-simple"},"_links":{"self":[{"href":"https:\/\/www.avellino.se\/ica-maxi-goteborg\/wp-json\/wp\/v2\/product\/39","targetHints":{"allow":["GET"]}}],"collection":[{"href":"https:\/\/www.avellino.se\/ica-maxi-goteborg\/wp-json\/wp\/v2\/product"}],"about":[{"href":"https:\/\/www.avellino.se\/ica-maxi-goteborg\/wp-json\/wp\/v2\/types\/product"}],"wp:featuredmedia":[{"embeddable":true,"href":"https:\/\/www.avellino.se\/ica-maxi-goteborg\/wp-json\/wp\/v2\/media\/69"}],"wp:attachment":[{"href":"https:\/\/www.avellino.se\/ica-maxi-goteborg\/wp-json\/wp\/v2\/media?parent=39"}],"wp:term":[{"taxonomy":"product_brand","embeddable":true,"href":"https:\/\/www.avellino.se\/ica-maxi-goteborg\/wp-json\/wp\/v2\/product_brand?post=39"},{"taxonomy":"product_cat","embeddable":true,"href":"https:\/\/www.avellino.se\/ica-maxi-goteborg\/wp-json\/wp\/v2\/product_cat?post=39"},{"taxonomy":"product_tag","embeddable":true,"href":"https:\/\/www.avellino.se\/ica-maxi-goteborg\/wp-json\/wp\/v2\/product_tag?post=39"}],"curies":[{"name":"wp","href":"https:\/\/api.w.org\/{rel}","templated":true}]}}