

{"id":115,"date":"2018-10-17T08:53:11","date_gmt":"2018-10-17T06:53:11","guid":{"rendered":"https:\/\/www.avellino.se\/ica-kvantum-kungsbacka\/produkt\/import-placeholder-for-13070\/"},"modified":"2024-02-01T10:44:46","modified_gmt":"2024-02-01T09:44:46","slug":"lyx-landgang","status":"publish","type":"product","link":"https:\/\/www.avellino.se\/ica-maxi-goteborg\/produkt\/lyx-landgang\/","title":{"rendered":"Lyx landg\u00e5ng"},"content":{"rendered":"<p><strong>Inneh\u00e5ll:<\/strong>\u00a0 <strong>R\u00c4KOR (R\u00c4KOR<\/strong>, vatten, salt, konserveringsmedel (E211, E202), surhetsreglerande medel (E330, E331), socker) ,<strong>\u00c4GG<\/strong> (salt, \u00e4ttika, citronsyraE330), sm\u00f6rg\u00e5smargarin (vegetabiliskt fett, syrat SKUMMJ\u00d6LK, salt, emulgeringsmedel:mono och dyglicerider av fettsyror(E471), konserveringsmedel:kaliumsorbat(E202), arom, f\u00e4rg:betacaroten) brieost (past. <strong>KOMJ\u00d6LK<\/strong>, mikrobiellt ystenzym, syrkultur, salt), ost (pasteuriserad <strong>MJ\u00d6LK<\/strong>, syrningskultur, salt, l\u00f6pe,konserveringsm. E231,f\u00e4rg\u00e4mneE160b), \u00e4kta majonn\u00e4s( vegetabilisk olja, vin\u00e4ger, vatten, <strong>\u00c4GGULA, SENAP<\/strong>, glucos, salt, citronjuce, E412, konserveringsm. E202, antioxidationmedel E330, E385, \u00f6rter, f\u00e4rg\u00e4mne E160a, paprika), potatissallad (potatis (potatis, salt, vatten), maj\u00f6nn\u00e4s, (vegetabilisk olja, vin\u00e4ger,vatten, <strong>\u00c4GGULA, SENAP<\/strong>, glucos, salt, citronjuce, E412, konserveringsmedel E202, antioxidationmedel E330, E385, \u00f6rter, f\u00e4rg\u00e4mne, E 160a, paprika) sm\u00f6rg\u00e5sgurka (gurka, socker,<strong> SENAPFR\u00d6<\/strong>, \u00e4ttika, dill), dill, paprika, citronpeppar (syra, socker, potatisst\u00e4rkelse, smakf\u00f6rst\u00e4rkare E621, l\u00f6k), persilla, salt)), oliver (oliver, vatten, paprikapasta (paprika, f\u00f6rtjockn.medel (natriumalginat, guargummi), stabiliser.medel (E509), konserv.medel (E202), salt, syra (mj\u00f6lksyra)), v\u00e4stkustsallad (maj\u00f6nn\u00e4s (vegetabilisk olja, vin\u00e4ger, vatten, <strong>AGGULA, SENAP<\/strong>, glucos, salt, citronjuce,E412, konserveringsm. E202,antioxidationm. E330, E385, \u00f6rter, f\u00e4rg\u00e4mne E160a, paprika), <strong>R\u00c4KOR (R\u00c4KOR<\/strong>, vatten, salt, \u00e4ttiksyra, citronsyra, konserveringsmedel (E202, E211)) <strong>\u00c4GG<\/strong> (salt, \u00e4ttika, citronsyraE330), surimi ( <strong>FISK, VETEST\u00c4RKELSE<\/strong>, tapiokast\u00e4rkelse,socker, salt, E420, <strong>SOJAOLJA<\/strong>, vittvin, <strong>KRABBEXTRAKT, KRABBSMAK<\/strong>, stabiliseringsmedel: E407, E450, E451, <strong>\u00c4GGVITA<\/strong>, smakf\u00f6rst\u00e4rkare: E640, E621, f\u00e4rg\u00e4mne: E120, E160e), citronpeppar (salt, svartpeppar, syra, socker, l\u00f6k, citronjuicepulver), torrdill), <strong>LAX (<\/strong>(salmo salar), salt, socker), rostbiff (n\u00f6tk\u00f6tt, st\u00e4rkelse, kryddor,naturlig arom, gr\u00f6nsaksjuice, salt, E250, citron, peppar, koriander, kummin, l\u00f6k, paprika) sallad, tomat, citron, gurka, paprika, dill, persilja. Br\u00f6d:<strong> VETEMJ\u00d6L,<\/strong> vatten, margarin ((vegetariskt fett (palm), vatten, rapsolja, emulgeringsmedel (E 471, E 322), citronjuice, salt, naturlig arom)), socker, j\u00e4st, salt, druvsocker, emulgeringsmedel (E 472e) mj\u00f6lbehandlingsmedel E300.<\/p>\n","protected":false},"excerpt":{"rendered":"<p>Landg\u00e5ng med r\u00e4kor i lag, \u00e4gg och majonn\u00e4s, v\u00e4stkustsallad med kallr\u00f6kt lax, brieost, potatissallad samt gouda ost och grillad rostbiff garnerad med gr\u00f6nsaker.<\/p>\n","protected":false},"featured_media":180,"template":"","meta":[],"product_brand":[],"product_cat":[19],"product_tag":[],"class_list":{"0":"post-115","1":"product","2":"type-product","3":"status-publish","4":"has-post-thumbnail","6":"product_cat-smorgasar","8":"first","9":"instock","10":"purchasable","11":"product-type-simple"},"_links":{"self":[{"href":"https:\/\/www.avellino.se\/ica-maxi-goteborg\/wp-json\/wp\/v2\/product\/115","targetHints":{"allow":["GET"]}}],"collection":[{"href":"https:\/\/www.avellino.se\/ica-maxi-goteborg\/wp-json\/wp\/v2\/product"}],"about":[{"href":"https:\/\/www.avellino.se\/ica-maxi-goteborg\/wp-json\/wp\/v2\/types\/product"}],"wp:featuredmedia":[{"embeddable":true,"href":"https:\/\/www.avellino.se\/ica-maxi-goteborg\/wp-json\/wp\/v2\/media\/180"}],"wp:attachment":[{"href":"https:\/\/www.avellino.se\/ica-maxi-goteborg\/wp-json\/wp\/v2\/media?parent=115"}],"wp:term":[{"taxonomy":"product_brand","embeddable":true,"href":"https:\/\/www.avellino.se\/ica-maxi-goteborg\/wp-json\/wp\/v2\/product_brand?post=115"},{"taxonomy":"product_cat","embeddable":true,"href":"https:\/\/www.avellino.se\/ica-maxi-goteborg\/wp-json\/wp\/v2\/product_cat?post=115"},{"taxonomy":"product_tag","embeddable":true,"href":"https:\/\/www.avellino.se\/ica-maxi-goteborg\/wp-json\/wp\/v2\/product_tag?post=115"}],"curies":[{"name":"wp","href":"https:\/\/api.w.org\/{rel}","templated":true}]}}