

{"id":93,"date":"2018-10-17T08:50:39","date_gmt":"2018-10-17T06:50:39","guid":{"rendered":"https:\/\/www.avellino.se\/ica-kvantum-kungsbacka\/produkt\/import-placeholder-for-13062\/"},"modified":"2026-03-31T12:52:26","modified_gmt":"2026-03-31T10:52:26","slug":"ost-skinka-sandwich","status":"publish","type":"product","link":"https:\/\/www.avellino.se\/ica-kvantum-molndal\/produkt\/ost-skinka-sandwich\/","title":{"rendered":"Ost &#038; skinka sandwich"},"content":{"rendered":"<p><strong>Inneh\u00e5ll:<\/strong>\u00a0sm\u00f6rg\u00e5smargarin (vegetabiliskt fett, syrat <strong>SKUMMJ\u00d6LK<\/strong>, salt, emulgeringsmedel:mono och dyglicerider av fettsyror(E471),konserveringsmedel, kaliumsorbat (E202), arom, f\u00e4rg:betacaroten), ost 10% (pasteuriserad <strong>MJ\u00d6LK<\/strong>, syrningskultur, salt l\u00f6pe, konserveringsm. E231,f\u00e4rg\u00e4mneE160b), r\u00f6kt skinka 7% (skinka, potatisst\u00e4rkelse, glukossirap, salt, E412, E407, grisprotein, E301, E325, E262, E250, r\u00f6karom, druvsocker), gurka, salladsblad, r\u00f6d paprika. Br\u00f6d: <strong>VETEMJ\u00d6L<\/strong>, vatten, fullkorns<strong>VETEMJ\u00d6L<\/strong>, siktat <strong>R\u00c5GMJ\u00d6L,<\/strong> fullkorns<strong>R\u00c5G<\/strong>, <strong>VETEGLUTEN<\/strong>, solrosfr\u00f6, <strong>VETE<\/strong>k\u00e4rnor, <strong>HAVRE<\/strong>fiber, surdeg p\u00e5 <strong>VETE<\/strong>, malt av <strong>KORN<\/strong>, j\u00e4st, salt, rapsolja.<\/p>\n","protected":false},"excerpt":{"rendered":"<p>Sandwich med gouda ost och r\u00f6kt skinka, r\u00f6d paprika, gurka och salladsblad.<\/p>\n","protected":false},"featured_media":166,"template":"","meta":[],"product_brand":[],"product_cat":[19],"product_tag":[],"class_list":{"0":"post-93","1":"product","2":"type-product","3":"status-publish","4":"has-post-thumbnail","6":"product_cat-smorgasar","8":"first","9":"instock","10":"purchasable","11":"product-type-simple"},"_links":{"self":[{"href":"https:\/\/www.avellino.se\/ica-kvantum-molndal\/wp-json\/wp\/v2\/product\/93","targetHints":{"allow":["GET"]}}],"collection":[{"href":"https:\/\/www.avellino.se\/ica-kvantum-molndal\/wp-json\/wp\/v2\/product"}],"about":[{"href":"https:\/\/www.avellino.se\/ica-kvantum-molndal\/wp-json\/wp\/v2\/types\/product"}],"wp:featuredmedia":[{"embeddable":true,"href":"https:\/\/www.avellino.se\/ica-kvantum-molndal\/wp-json\/wp\/v2\/media\/166"}],"wp:attachment":[{"href":"https:\/\/www.avellino.se\/ica-kvantum-molndal\/wp-json\/wp\/v2\/media?parent=93"}],"wp:term":[{"taxonomy":"product_brand","embeddable":true,"href":"https:\/\/www.avellino.se\/ica-kvantum-molndal\/wp-json\/wp\/v2\/product_brand?post=93"},{"taxonomy":"product_cat","embeddable":true,"href":"https:\/\/www.avellino.se\/ica-kvantum-molndal\/wp-json\/wp\/v2\/product_cat?post=93"},{"taxonomy":"product_tag","embeddable":true,"href":"https:\/\/www.avellino.se\/ica-kvantum-molndal\/wp-json\/wp\/v2\/product_tag?post=93"}],"curies":[{"name":"wp","href":"https:\/\/api.w.org\/{rel}","templated":true}]}}