

{"id":92,"date":"2018-10-17T08:50:38","date_gmt":"2018-10-17T06:50:38","guid":{"rendered":"https:\/\/www.avellino.se\/ica-kvantum-kungsbacka\/produkt\/import-placeholder-for-13061\/"},"modified":"2026-03-31T12:52:47","modified_gmt":"2026-03-31T10:52:47","slug":"salami-mozzarella-sandwich","status":"publish","type":"product","link":"https:\/\/www.avellino.se\/ica-kvantum-molndal\/produkt\/salami-mozzarella-sandwich\/","title":{"rendered":"Salami &#038; mozzarella sandwich"},"content":{"rendered":"<p><strong>Inneh\u00e5ll:<\/strong>\u00a0sm\u00f6rg\u00e5smargarin (vegetabiliskt fett, syrat <strong>SKUMMJ\u00d6LK<\/strong>, salt, emulgeringsmedel:mono och dyglicerider av fettsyror(E471), konserveringsmedel, kaliumsorbat (E202), arom, f\u00e4rg:betacaroten), mozzarella 16% (past. <strong>KOMJ\u00d6LK,<\/strong> ystenzym, citronsyra, salt), salami 6%(fl\u00e4skk\u00f6tt, fl\u00e4sk, salt dextros, vitl\u00f6k, socker,antioxideringsm. E300, konserveringsm. E250, f\u00e4rg\u00e4mnen E120, startkultur, r\u00f6k fr\u00e5n bokspan), gurka, salladsblad, r\u00f6d paprika. Br\u00f6d: <strong>VETEMJ\u00d6L<\/strong>, vatten, fullkorns<strong>VETEMJ\u00d6L<\/strong>, siktat <strong>R\u00c5GMJ\u00d6L<\/strong>, fullkorns<strong>R\u00c5G, VETEGLUTEN<\/strong>, solrosfr\u00f6, <strong>VETE<\/strong>k\u00e4rnor, <strong>HAVRE<\/strong>fiber, surdeg p\u00e5 <strong>VETE<\/strong>, malt av <strong>KORN,<\/strong> j\u00e4st, salt, rapsolja.<\/p>\n","protected":false},"excerpt":{"rendered":"<p>Sandwich med vitl\u00f6k salami och mozzarella, r\u00f6d paprika, gurka och salladsblad.<\/p>\n","protected":false},"featured_media":161,"template":"","meta":[],"product_brand":[],"product_cat":[19],"product_tag":[],"class_list":{"0":"post-92","1":"product","2":"type-product","3":"status-publish","4":"has-post-thumbnail","6":"product_cat-smorgasar","8":"first","9":"instock","10":"purchasable","11":"product-type-simple"},"_links":{"self":[{"href":"https:\/\/www.avellino.se\/ica-kvantum-molndal\/wp-json\/wp\/v2\/product\/92","targetHints":{"allow":["GET"]}}],"collection":[{"href":"https:\/\/www.avellino.se\/ica-kvantum-molndal\/wp-json\/wp\/v2\/product"}],"about":[{"href":"https:\/\/www.avellino.se\/ica-kvantum-molndal\/wp-json\/wp\/v2\/types\/product"}],"wp:featuredmedia":[{"embeddable":true,"href":"https:\/\/www.avellino.se\/ica-kvantum-molndal\/wp-json\/wp\/v2\/media\/161"}],"wp:attachment":[{"href":"https:\/\/www.avellino.se\/ica-kvantum-molndal\/wp-json\/wp\/v2\/media?parent=92"}],"wp:term":[{"taxonomy":"product_brand","embeddable":true,"href":"https:\/\/www.avellino.se\/ica-kvantum-molndal\/wp-json\/wp\/v2\/product_brand?post=92"},{"taxonomy":"product_cat","embeddable":true,"href":"https:\/\/www.avellino.se\/ica-kvantum-molndal\/wp-json\/wp\/v2\/product_cat?post=92"},{"taxonomy":"product_tag","embeddable":true,"href":"https:\/\/www.avellino.se\/ica-kvantum-molndal\/wp-json\/wp\/v2\/product_tag?post=92"}],"curies":[{"name":"wp","href":"https:\/\/api.w.org\/{rel}","templated":true}]}}