

{"id":91,"date":"2018-10-17T08:50:38","date_gmt":"2018-10-17T06:50:38","guid":{"rendered":"https:\/\/www.avellino.se\/ica-kvantum-kungsbacka\/produkt\/import-placeholder-for-13060\/"},"modified":"2026-03-31T12:52:36","modified_gmt":"2026-03-31T10:52:36","slug":"skinka-vastkustsallad-sandwich","status":"publish","type":"product","link":"https:\/\/www.avellino.se\/ica-kvantum-molndal\/produkt\/skinka-vastkustsallad-sandwich\/","title":{"rendered":"Skinka &#038; v\u00e4stkustsallad sandwich"},"content":{"rendered":"<p><strong>Inneh\u00e5ll:<\/strong>\u00a0v\u00e4stkustsallad 33% (maj\u00f6nn\u00e4s (vegetabilisk olja, vin\u00e4ger, vatten, <strong>AGGULA, SENAP<\/strong>, glucos, salt, citronjuce,E412, konserveringsm. E202,antioxidationm. E330, E385, \u00f6rter, f\u00e4rg\u00e4mne E160a, paprika), <strong>R\u00c4KOR (R\u00c4KOR,<\/strong> vatten, salt, \u00e4ttiksyra, citronsyra, konserveringsmedel (E202, E211)) <strong>\u00c4GG<\/strong> (salt, \u00e4ttika, citronsyraE330), surimi ( <strong>FISK, VETEST\u00c4RKELSE<\/strong>, tapiokast\u00e4rkelse, socker, salt, E420, <strong>SOJAOLJA<\/strong>, vittvin, <strong>KRABBEXTRAKT, KRABBSMAK<\/strong>, stabiliseringsmedel: E407, E450, E451,<strong> \u00c4GGVITA<\/strong>, smakf\u00f6rst\u00e4rkare: E640, E621, f\u00e4rg\u00e4mne: E120, E160e), citronpeppar (salt, svartpeppar, syra, socker, l\u00f6k, citronjuicepulver) , torrdill), r\u00f6kt skinka 3% (skinka, potatisst\u00e4rkelse, glukossirap, salt, E412, E407, grisprotein, E301, E325, E262, E250, r\u00f6karom, druvsocker) gurka, salladsblad. Br\u00f6d:<strong> VETEMJ\u00d6L<\/strong>, vatten, fullkorns<strong>VETEMJ\u00d6L<\/strong>, siktat <strong>R\u00c5GMJ\u00d6L<\/strong>, fullkorns<strong>R\u00c5G, VETEGLUTEN<\/strong>, solrosfr\u00f6, <strong>VETE<\/strong>k\u00e4rnor, <strong>HAVRE<\/strong>fiber, surdeg p\u00e5 <strong>VETE<\/strong>, malt av <strong>KORN<\/strong>, j\u00e4st, salt, rapsolja<\/p>\n","protected":false},"excerpt":{"rendered":"<p>Sandwich med v\u00e5r v\u00e4stkustsallad med r\u00f6kt skinka, gurka och salladsblad.<\/p>\n","protected":false},"featured_media":160,"template":"","meta":[],"product_brand":[],"product_cat":[19],"product_tag":[],"class_list":{"0":"post-91","1":"product","2":"type-product","3":"status-publish","4":"has-post-thumbnail","6":"product_cat-smorgasar","8":"first","9":"instock","10":"purchasable","11":"product-type-simple"},"_links":{"self":[{"href":"https:\/\/www.avellino.se\/ica-kvantum-molndal\/wp-json\/wp\/v2\/product\/91","targetHints":{"allow":["GET"]}}],"collection":[{"href":"https:\/\/www.avellino.se\/ica-kvantum-molndal\/wp-json\/wp\/v2\/product"}],"about":[{"href":"https:\/\/www.avellino.se\/ica-kvantum-molndal\/wp-json\/wp\/v2\/types\/product"}],"wp:featuredmedia":[{"embeddable":true,"href":"https:\/\/www.avellino.se\/ica-kvantum-molndal\/wp-json\/wp\/v2\/media\/160"}],"wp:attachment":[{"href":"https:\/\/www.avellino.se\/ica-kvantum-molndal\/wp-json\/wp\/v2\/media?parent=91"}],"wp:term":[{"taxonomy":"product_brand","embeddable":true,"href":"https:\/\/www.avellino.se\/ica-kvantum-molndal\/wp-json\/wp\/v2\/product_brand?post=91"},{"taxonomy":"product_cat","embeddable":true,"href":"https:\/\/www.avellino.se\/ica-kvantum-molndal\/wp-json\/wp\/v2\/product_cat?post=91"},{"taxonomy":"product_tag","embeddable":true,"href":"https:\/\/www.avellino.se\/ica-kvantum-molndal\/wp-json\/wp\/v2\/product_tag?post=91"}],"curies":[{"name":"wp","href":"https:\/\/api.w.org\/{rel}","templated":true}]}}