

{"id":85,"date":"2018-10-17T08:49:58","date_gmt":"2018-10-17T06:49:58","guid":{"rendered":"https:\/\/www.avellino.se\/ica-kvantum-kungsbacka\/produkt\/import-placeholder-for-13058\/"},"modified":"2026-03-31T12:51:46","modified_gmt":"2026-03-31T10:51:46","slug":"surdegsbaguette-med-kottbullar-rottbetssallad","status":"publish","type":"product","link":"https:\/\/www.avellino.se\/ica-kvantum-molndal\/produkt\/surdegsbaguette-med-kottbullar-rottbetssallad\/","title":{"rendered":"Surdegsbaguette med k\u00f6ttbullar &#038; r\u00f6ttbetssallad"},"content":{"rendered":"<p><strong>Inneh\u00e5ll:<\/strong>\u00a0k\u00f6ttbullar12% (n\u00f6tk\u00f6tt 63 %, l\u00f6k, potatis, potatisst\u00e4rkelse, potatisflingor, salt, glukosirap, potatisfiber, socker, kryddor (svartpeppar, vitpeppar, timjan, ingef\u00e4ra)), r\u00f6dbetssallad 38% (r\u00f6dbetor, rapsolja, \u00e4pple, <strong>\u00c4GGULA<\/strong>, socker, salt, kryddor (cayennepeppar, gurkmeja), <strong>SENAPSFR\u00d6<\/strong>, \u00e4ttika,stabiliseringsmedel (guark\u00e4rnmj\u00f6l, xantangummi), surhetsreglerande medel (citronsyra), konserveringsmedel (natriumbensoat, kaliumsorbat)), gurka, tomat, sallad. Br\u00f6d: <strong>VETEMJ\u00d6L<\/strong>, vatten, j\u00e4st, salt, druvsocker, emulgeringsmedel (E 472e), mj\u00f6lbehandlingsmedel E 300, surdeg ( <strong>VETEMJ\u00d6L<\/strong>, vatten).<\/p>\n","protected":false},"excerpt":{"rendered":"<p>Ljus surdegsbaguette fylld med r\u00f6dbetssallad och k\u00f6ttbullar garnerad med gurka, tomat och salladsblad.<\/p>\n","protected":false},"featured_media":159,"template":"","meta":[],"product_brand":[],"product_cat":[19],"product_tag":[],"class_list":{"0":"post-85","1":"product","2":"type-product","3":"status-publish","4":"has-post-thumbnail","6":"product_cat-smorgasar","8":"first","9":"instock","10":"purchasable","11":"product-type-simple"},"_links":{"self":[{"href":"https:\/\/www.avellino.se\/ica-kvantum-molndal\/wp-json\/wp\/v2\/product\/85","targetHints":{"allow":["GET"]}}],"collection":[{"href":"https:\/\/www.avellino.se\/ica-kvantum-molndal\/wp-json\/wp\/v2\/product"}],"about":[{"href":"https:\/\/www.avellino.se\/ica-kvantum-molndal\/wp-json\/wp\/v2\/types\/product"}],"wp:featuredmedia":[{"embeddable":true,"href":"https:\/\/www.avellino.se\/ica-kvantum-molndal\/wp-json\/wp\/v2\/media\/159"}],"wp:attachment":[{"href":"https:\/\/www.avellino.se\/ica-kvantum-molndal\/wp-json\/wp\/v2\/media?parent=85"}],"wp:term":[{"taxonomy":"product_brand","embeddable":true,"href":"https:\/\/www.avellino.se\/ica-kvantum-molndal\/wp-json\/wp\/v2\/product_brand?post=85"},{"taxonomy":"product_cat","embeddable":true,"href":"https:\/\/www.avellino.se\/ica-kvantum-molndal\/wp-json\/wp\/v2\/product_cat?post=85"},{"taxonomy":"product_tag","embeddable":true,"href":"https:\/\/www.avellino.se\/ica-kvantum-molndal\/wp-json\/wp\/v2\/product_tag?post=85"}],"curies":[{"name":"wp","href":"https:\/\/api.w.org\/{rel}","templated":true}]}}