

{"id":80,"date":"2018-10-17T08:49:17","date_gmt":"2018-10-17T06:49:17","guid":{"rendered":"https:\/\/www.avellino.se\/ica-kvantum-kungsbacka\/produkt\/import-placeholder-for-13057\/"},"modified":"2026-03-31T12:53:56","modified_gmt":"2026-03-31T10:53:56","slug":"surdegsbaguette-med-rakor","status":"publish","type":"product","link":"https:\/\/www.avellino.se\/ica-kvantum-molndal\/produkt\/surdegsbaguette-med-rakor\/","title":{"rendered":"Surdegsbaguette med r\u00e4kor"},"content":{"rendered":"<p><strong>Inneh\u00e5ll:<\/strong>\u00a0 sm\u00f6rg\u00e5smargarin (vegetabiliskt fett, syrat <strong>SKUMMJ\u00d6LK<\/strong> , salt, emulgeringsmedel:mono och dyglicerider av fettsyror(E471), konserveringsmedel:kaliumsorbat (E202), arom, f\u00e4rg:betacaroten) kokta<strong> \u00c4GG (<\/strong>salt, \u00e4ttika, citronsyra E330), \u00e4kta majonn\u00e4s(vegetabilisk olja, vin\u00e4ger, vatten, <strong>\u00c4GGULA, SENAP<\/strong>, glucos, salt, citronjuce, E412, konserveringsm. E202, antioxidationmedel E330, E385, \u00f6rter, f\u00e4rg\u00e4mne E160a, paprika), <strong>R\u00c4KOR<\/strong> i lag 28%(skalade <strong>R\u00c4KOR<\/strong> ,vatten, salt, socker, konserveringsmedel E211, E202, citronsyra E330), gurka, tomat, citron, sallad. Br\u00f6d: <strong>VETEMJ\u00d6L<\/strong>, vatten, j\u00e4st, salt, druvsocker, emulgeringsmedel (E 472e), mj\u00f6lbehandlingsmedel E 300, surdeg ( <strong>VETEMJ\u00d6L<\/strong>, vatten).<\/p>\n","protected":false},"excerpt":{"rendered":"<p>Ljus surdegsbaguette fylld med r\u00e4kor, \u00e4gg och majonn\u00e4s garnerad med citron, gurka, tomat och salladsblad.<\/p>\n","protected":false},"featured_media":155,"template":"","meta":[],"product_brand":[],"product_cat":[19],"product_tag":[],"class_list":{"0":"post-80","1":"product","2":"type-product","3":"status-publish","4":"has-post-thumbnail","6":"product_cat-smorgasar","8":"first","9":"instock","10":"purchasable","11":"product-type-simple"},"_links":{"self":[{"href":"https:\/\/www.avellino.se\/ica-kvantum-molndal\/wp-json\/wp\/v2\/product\/80","targetHints":{"allow":["GET"]}}],"collection":[{"href":"https:\/\/www.avellino.se\/ica-kvantum-molndal\/wp-json\/wp\/v2\/product"}],"about":[{"href":"https:\/\/www.avellino.se\/ica-kvantum-molndal\/wp-json\/wp\/v2\/types\/product"}],"wp:featuredmedia":[{"embeddable":true,"href":"https:\/\/www.avellino.se\/ica-kvantum-molndal\/wp-json\/wp\/v2\/media\/155"}],"wp:attachment":[{"href":"https:\/\/www.avellino.se\/ica-kvantum-molndal\/wp-json\/wp\/v2\/media?parent=80"}],"wp:term":[{"taxonomy":"product_brand","embeddable":true,"href":"https:\/\/www.avellino.se\/ica-kvantum-molndal\/wp-json\/wp\/v2\/product_brand?post=80"},{"taxonomy":"product_cat","embeddable":true,"href":"https:\/\/www.avellino.se\/ica-kvantum-molndal\/wp-json\/wp\/v2\/product_cat?post=80"},{"taxonomy":"product_tag","embeddable":true,"href":"https:\/\/www.avellino.se\/ica-kvantum-molndal\/wp-json\/wp\/v2\/product_tag?post=80"}],"curies":[{"name":"wp","href":"https:\/\/api.w.org\/{rel}","templated":true}]}}