

{"id":77,"date":"2018-10-17T08:48:55","date_gmt":"2018-10-17T06:48:55","guid":{"rendered":"https:\/\/www.avellino.se\/ica-kvantum-kungsbacka\/produkt\/import-placeholder-for-13056\/"},"modified":"2026-03-31T12:53:12","modified_gmt":"2026-03-31T10:53:12","slug":"surdegsbaguette-med-skinka-vastkustsallad","status":"publish","type":"product","link":"https:\/\/www.avellino.se\/ica-kvantum-molndal\/produkt\/surdegsbaguette-med-skinka-vastkustsallad\/","title":{"rendered":"Surdegsbaguette med skinka &#038; v\u00e4stkustsallad"},"content":{"rendered":"<p><strong>Inneh\u00e5ll:<\/strong>\u00a0v\u00e4stkustsallad 42% (maj\u00f6nn\u00e4s (vegetabilisk olja, vin\u00e4ger,vatten,<strong>AGGULA,SENAP<\/strong>, glucos,salt,citronjuce,E412, konserveringsm. E202,antioxidationmedel E330,E385, \u00f6rter, f\u00e4rg\u00e4mne E160a, paprika), <strong>R\u00c4KOR 2% (R\u00c4KOR<\/strong>, vatten, salt, konserveringsmedel (E211, E202), surhetsreglerande medel (E330, E331), socker) ,<strong>\u00c4GG<\/strong> (salt, \u00e4ttika, citronsyraE330),surimi ( <strong>FISK, VETEST\u00c4RKELSE<\/strong>,tapiokast\u00e4rkelse,socker, salt,E420, <strong>SOJAOLJA<\/strong>, vittvin, <strong>KRABBEXTRAKT,KRABBSMAK<\/strong>, stabiliseringsmedel: E407, E450, E451, <strong>\u00c4GGVITA,<\/strong> smakf\u00f6rst\u00e4rkare: E640, E621, f\u00e4rg\u00e4mne: E120, E160e),citronpeppar (salt, svartpeppar, syra, socker, l\u00f6k, citronjuicepulver), torrdill),r\u00f6kt skinka 2% (skinka, potatisst\u00e4rkelse,glukossirap, salt, E412, E407, grisprotein, E301, E325, E262, E250, r\u00f6karom, druvsocker), gurka, tomat, citron. Br\u00f6d: <strong>VETEMJ\u00d6L<\/strong>, vatten, j\u00e4st, salt, druvsocker, emulgeringsmedel (E 472e), mj\u00f6lbehandlingsmedel E 300, surdeg ( <strong>VETEMJ\u00d6L<\/strong>, vatten).<\/p>\n","protected":false},"excerpt":{"rendered":"<p>Ljus surdegsbaguette fylld med v\u00e5r v\u00e4stkustsallad med r\u00f6kt skinka garnerad med gurka, citron, tomat och salladsblad.<\/p>\n","protected":false},"featured_media":154,"template":"","meta":[],"product_brand":[],"product_cat":[19],"product_tag":[],"class_list":{"0":"post-77","1":"product","2":"type-product","3":"status-publish","4":"has-post-thumbnail","6":"product_cat-smorgasar","8":"first","9":"instock","10":"purchasable","11":"product-type-simple"},"_links":{"self":[{"href":"https:\/\/www.avellino.se\/ica-kvantum-molndal\/wp-json\/wp\/v2\/product\/77","targetHints":{"allow":["GET"]}}],"collection":[{"href":"https:\/\/www.avellino.se\/ica-kvantum-molndal\/wp-json\/wp\/v2\/product"}],"about":[{"href":"https:\/\/www.avellino.se\/ica-kvantum-molndal\/wp-json\/wp\/v2\/types\/product"}],"wp:featuredmedia":[{"embeddable":true,"href":"https:\/\/www.avellino.se\/ica-kvantum-molndal\/wp-json\/wp\/v2\/media\/154"}],"wp:attachment":[{"href":"https:\/\/www.avellino.se\/ica-kvantum-molndal\/wp-json\/wp\/v2\/media?parent=77"}],"wp:term":[{"taxonomy":"product_brand","embeddable":true,"href":"https:\/\/www.avellino.se\/ica-kvantum-molndal\/wp-json\/wp\/v2\/product_brand?post=77"},{"taxonomy":"product_cat","embeddable":true,"href":"https:\/\/www.avellino.se\/ica-kvantum-molndal\/wp-json\/wp\/v2\/product_cat?post=77"},{"taxonomy":"product_tag","embeddable":true,"href":"https:\/\/www.avellino.se\/ica-kvantum-molndal\/wp-json\/wp\/v2\/product_tag?post=77"}],"curies":[{"name":"wp","href":"https:\/\/api.w.org\/{rel}","templated":true}]}}