

{"id":73,"date":"2018-10-17T08:48:33","date_gmt":"2018-10-17T06:48:33","guid":{"rendered":"https:\/\/www.avellino.se\/ica-kvantum-kungsbacka\/produkt\/import-placeholder-for-13054\/"},"modified":"2026-03-31T12:53:21","modified_gmt":"2026-03-31T10:53:21","slug":"surdegsbaguette-med-salami-brie-ost","status":"publish","type":"product","link":"https:\/\/www.avellino.se\/ica-kvantum-molndal\/produkt\/surdegsbaguette-med-salami-brie-ost\/","title":{"rendered":"Surdegsbaguette med salami &#038; brie ost"},"content":{"rendered":"<p><strong>Inneh\u00e5ll:<\/strong>\u00a0sm\u00f6rg\u00e5smargarin (vegetabiliskt fett, syrat <strong>SKUMMJ\u00d6LK<\/strong>, salt, emulgeringsmedel:mono och dyglicerider av fettsyror(E471), konserveringsmedel:kaliumsorbat(E202), arom, f\u00e4rg:betacaroten) brieost 7% (past. <strong>KOMJ\u00d6LK<\/strong>, mikrobiellt ystenzym, syrkultur, salt), salami 11% (fl\u00e4skk\u00f6tt, fl\u00e4sk, salt dextros, vitl\u00f6k, socker, antioxideringsm. E300, konserveringsm. E250, f\u00e4rg\u00e4mnen E120, startkultur, r\u00f6k fr\u00e5n bokspan), gurka, tomat, sallad<br \/>\nBr\u00f6d: <strong>VETEMJ\u00d6L,<\/strong> vatten, j\u00e4st, salt, druvsocker, emulgeringsmedel (E 472e), mj\u00f6lbehandlingsmedel E 300, surdeg (<strong> VETEMJ\u00d6L<\/strong>, vatten).<\/p>\n","protected":false},"excerpt":{"rendered":"<p>Ljus surdegsbaguette fylld med vitl\u00f6k salami och brie ost, garnerad med r\u00f6d paprika, gurka, tomat och salladsblad.<\/p>\n","protected":false},"featured_media":150,"template":"","meta":[],"product_brand":[],"product_cat":[19],"product_tag":[],"class_list":{"0":"post-73","1":"product","2":"type-product","3":"status-publish","4":"has-post-thumbnail","6":"product_cat-smorgasar","8":"first","9":"instock","10":"purchasable","11":"product-type-simple"},"_links":{"self":[{"href":"https:\/\/www.avellino.se\/ica-kvantum-molndal\/wp-json\/wp\/v2\/product\/73","targetHints":{"allow":["GET"]}}],"collection":[{"href":"https:\/\/www.avellino.se\/ica-kvantum-molndal\/wp-json\/wp\/v2\/product"}],"about":[{"href":"https:\/\/www.avellino.se\/ica-kvantum-molndal\/wp-json\/wp\/v2\/types\/product"}],"wp:featuredmedia":[{"embeddable":true,"href":"https:\/\/www.avellino.se\/ica-kvantum-molndal\/wp-json\/wp\/v2\/media\/150"}],"wp:attachment":[{"href":"https:\/\/www.avellino.se\/ica-kvantum-molndal\/wp-json\/wp\/v2\/media?parent=73"}],"wp:term":[{"taxonomy":"product_brand","embeddable":true,"href":"https:\/\/www.avellino.se\/ica-kvantum-molndal\/wp-json\/wp\/v2\/product_brand?post=73"},{"taxonomy":"product_cat","embeddable":true,"href":"https:\/\/www.avellino.se\/ica-kvantum-molndal\/wp-json\/wp\/v2\/product_cat?post=73"},{"taxonomy":"product_tag","embeddable":true,"href":"https:\/\/www.avellino.se\/ica-kvantum-molndal\/wp-json\/wp\/v2\/product_tag?post=73"}],"curies":[{"name":"wp","href":"https:\/\/api.w.org\/{rel}","templated":true}]}}