

{"id":68,"date":"2018-10-17T08:47:55","date_gmt":"2018-10-17T06:47:55","guid":{"rendered":"https:\/\/www.avellino.se\/ica-kvantum-kungsbacka\/produkt\/import-placeholder-for-13053\/"},"modified":"2026-03-31T12:42:55","modified_gmt":"2026-03-31T10:42:55","slug":"surdegsbaguette-med-ost-skinka","status":"publish","type":"product","link":"https:\/\/www.avellino.se\/ica-kvantum-molndal\/produkt\/surdegsbaguette-med-ost-skinka\/","title":{"rendered":"Surdegsbaguette med ost &#038; skinka"},"content":{"rendered":"<p><strong>Inneh\u00e5ll:<\/strong>\u00a0sm\u00f6rg\u00e5smargarin (vegetabiliskt fett, syrat <strong>SKUMMJ\u00d6LK<\/strong>, salt, emulgeringsmedel:mono och dyglicerider av fettsyror(E471), konserveringsmedel, kaliumsorbat (E202), arom, f\u00e4rg:betacaroten), ost 11% (pasteuriserad <strong>MJ\u00d6LK,<\/strong> syrningskultur, salt, l\u00f6pe, konserveringsm. E231, f\u00e4rg\u00e4mne E160b), r\u00f6kt skinka 7% (skinka, potatisst\u00e4rkelse, glukossirap, salt, E412, E407, grisprotein, E301, E325, E262, E250, r\u00f6karom, druvsocker), gurka, tomat, sallad.<br \/>\nBr\u00f6d: <strong>VETEMJ\u00d6L<\/strong>, vatten, j\u00e4st, salt, druvsocker, emulgeringsmedel (E 472e), mj\u00f6lbehandlingsmedel E 300, surdeg (<strong> VETEMJ\u00d6L<\/strong>, vatten).<\/p>\n","protected":false},"excerpt":{"rendered":"<p>Ljus surdegsbaguette fylld med ost &amp; skinka, garnerad med r\u00f6d paprika, gurka, tomat och salladsblad.<\/p>\n","protected":false},"featured_media":149,"template":"","meta":[],"product_brand":[],"product_cat":[19],"product_tag":[],"class_list":{"0":"post-68","1":"product","2":"type-product","3":"status-publish","4":"has-post-thumbnail","6":"product_cat-smorgasar","8":"first","9":"instock","10":"purchasable","11":"product-type-simple"},"_links":{"self":[{"href":"https:\/\/www.avellino.se\/ica-kvantum-molndal\/wp-json\/wp\/v2\/product\/68","targetHints":{"allow":["GET"]}}],"collection":[{"href":"https:\/\/www.avellino.se\/ica-kvantum-molndal\/wp-json\/wp\/v2\/product"}],"about":[{"href":"https:\/\/www.avellino.se\/ica-kvantum-molndal\/wp-json\/wp\/v2\/types\/product"}],"wp:featuredmedia":[{"embeddable":true,"href":"https:\/\/www.avellino.se\/ica-kvantum-molndal\/wp-json\/wp\/v2\/media\/149"}],"wp:attachment":[{"href":"https:\/\/www.avellino.se\/ica-kvantum-molndal\/wp-json\/wp\/v2\/media?parent=68"}],"wp:term":[{"taxonomy":"product_brand","embeddable":true,"href":"https:\/\/www.avellino.se\/ica-kvantum-molndal\/wp-json\/wp\/v2\/product_brand?post=68"},{"taxonomy":"product_cat","embeddable":true,"href":"https:\/\/www.avellino.se\/ica-kvantum-molndal\/wp-json\/wp\/v2\/product_cat?post=68"},{"taxonomy":"product_tag","embeddable":true,"href":"https:\/\/www.avellino.se\/ica-kvantum-molndal\/wp-json\/wp\/v2\/product_tag?post=68"}],"curies":[{"name":"wp","href":"https:\/\/api.w.org\/{rel}","templated":true}]}}