

{"id":67,"date":"2018-10-17T08:47:55","date_gmt":"2018-10-17T06:47:55","guid":{"rendered":"https:\/\/www.avellino.se\/ica-kvantum-kungsbacka\/produkt\/import-placeholder-for-13052\/"},"modified":"2026-03-31T12:42:46","modified_gmt":"2026-03-31T10:42:46","slug":"surdegsbaguette-med-kycklingrora","status":"publish","type":"product","link":"https:\/\/www.avellino.se\/ica-kvantum-molndal\/produkt\/surdegsbaguette-med-kycklingrora\/","title":{"rendered":"Surdegsbaguette med kycklingr\u00f6ra"},"content":{"rendered":"<p><strong>Inneh\u00e5ll:<\/strong>\u00a0kycklingfile 29% (kycklingbr\u00f6stfile, salt, vatten, j\u00e4stextrakt, E451, potatisst\u00e4rkelse, dextros),citronpeppar (salt, syra, svartpeppar, potatisst\u00e4rkelse, socker, l\u00f6k, arom, citronjuisekoncentrat), sweet chilli s\u00e5s (socker, vatten, chillipeppar, \u00e4ttika, modifierad majsst\u00e4rkelse, citronsyra), \u00e4kta majonn\u00e4s (vegetabilisk olja, vin\u00e4ger, vatten, <strong>\u00c4GGULA, SENAP<\/strong>, glucos, salt, citronjuce, E412, konserveringsm. E202, antioxidationmedel E330, E385, \u00f6rter, f\u00e4rg\u00e4mne E160a, paprika), curry (koriander, gurmeja, bockhornskl\u00f6ver, cayannepeppar, f\u00e4nk\u00e5l, spiskummin, svartpeppar),paprika, purjol\u00f6k, gurka, tomat, sallad. Br\u00f6d: <strong>VETEMJ\u00d6L<\/strong>, vatten, j\u00e4st, salt, druvsocker, emulgeringsmedel (E 472e), mj\u00f6lbehandlingsmedel E 300, surdeg ( <strong>VETEMJ\u00d6<\/strong>L, vatten).<\/p>\n","protected":false},"excerpt":{"rendered":"<p>Ljus surdegsbaguette fylld med v\u00e5r kycklingr\u00f6ra med curry, garnerad med r\u00f6d paprika, gurka, tomat och salladsblad.<\/p>\n","protected":false},"featured_media":145,"template":"","meta":[],"product_brand":[],"product_cat":[19],"product_tag":[],"class_list":{"0":"post-67","1":"product","2":"type-product","3":"status-publish","4":"has-post-thumbnail","6":"product_cat-smorgasar","8":"first","9":"instock","10":"purchasable","11":"product-type-simple"},"_links":{"self":[{"href":"https:\/\/www.avellino.se\/ica-kvantum-molndal\/wp-json\/wp\/v2\/product\/67","targetHints":{"allow":["GET"]}}],"collection":[{"href":"https:\/\/www.avellino.se\/ica-kvantum-molndal\/wp-json\/wp\/v2\/product"}],"about":[{"href":"https:\/\/www.avellino.se\/ica-kvantum-molndal\/wp-json\/wp\/v2\/types\/product"}],"wp:featuredmedia":[{"embeddable":true,"href":"https:\/\/www.avellino.se\/ica-kvantum-molndal\/wp-json\/wp\/v2\/media\/145"}],"wp:attachment":[{"href":"https:\/\/www.avellino.se\/ica-kvantum-molndal\/wp-json\/wp\/v2\/media?parent=67"}],"wp:term":[{"taxonomy":"product_brand","embeddable":true,"href":"https:\/\/www.avellino.se\/ica-kvantum-molndal\/wp-json\/wp\/v2\/product_brand?post=67"},{"taxonomy":"product_cat","embeddable":true,"href":"https:\/\/www.avellino.se\/ica-kvantum-molndal\/wp-json\/wp\/v2\/product_cat?post=67"},{"taxonomy":"product_tag","embeddable":true,"href":"https:\/\/www.avellino.se\/ica-kvantum-molndal\/wp-json\/wp\/v2\/product_tag?post=67"}],"curies":[{"name":"wp","href":"https:\/\/api.w.org\/{rel}","templated":true}]}}