

{"id":65,"date":"2018-10-17T08:47:54","date_gmt":"2018-10-17T06:47:54","guid":{"rendered":"https:\/\/www.avellino.se\/ica-kvantum-kungsbacka\/produkt\/import-placeholder-for-13050\/"},"modified":"2026-03-31T12:47:10","modified_gmt":"2026-03-31T10:47:10","slug":"vegetarisk-surdegsbaguette-med-potatissallad-morotsbollar","status":"publish","type":"product","link":"https:\/\/www.avellino.se\/ica-kvantum-molndal\/produkt\/vegetarisk-surdegsbaguette-med-potatissallad-morotsbollar\/","title":{"rendered":"Vegetarisk surdegsbaguette med potatissallad &amp; morotsbollar"},"content":{"rendered":"<p><strong>Inneh\u00e5ll:<\/strong>\u00a0morotsbollar (morot, potatis, k\u00e5lrot, r\u00f6da linser, gula \u00e4rtor, potatisflingor, potatismj\u00f6l, gr\u00f6nsaksbuljong (salt, l\u00f6k, socker, maltodextrin (majs), arom), gult l\u00f6kpulver, guark\u00e4rnmj\u00f6l, salt, vitpeppar, rapsolja), potatissallad (potatis, vatten, salt, konsistensmedel: kalciumklorid, majonn\u00e4s (rapsolja, vatten, <strong>\u00c4GGULA<\/strong>, \u00e4ttiksprit, salt, <strong>SENAPSFR\u00d6<\/strong>, citronsyra, kryddor, konserveringsmedel (kaliumsorbat), citronkoncentrat stabiliseringsmedel (guark\u00e4rnmj\u00f6l, xantangum)), gurka i lag (<strong>SENAP<\/strong>sfr\u00f6, socker, \u00e4ttika, salt, stabiliseringsmedel (kalciumklorid), kryddextrakt (dill och cayennepeppar) konserveringsmedel (kaliumsorbat)), citronpeppar (salt, svartpeppar, citronsyra, potatisst\u00e4rkelse, socker, l\u00f6k, arom, citronjuicekoncentrat), dill), tomat, gurka, sallad. Br\u00f6d: <strong>VETEMJ\u00d6L<\/strong>, vatten, j\u00e4st, salt, druvsocker, emulgeringsmedel (E 472e), mj\u00f6lbehandlingsmedel E 300, surdeg ( <strong>VETEMJ\u00d6L,<\/strong> vatten).<\/p>\n","protected":false},"excerpt":{"rendered":"<p>Ljus surdegsbaguette fylld med v\u00e5r potatissallad samt morotsbollar, garnerad med gurka, tomat och salladsblad.<\/p>\n","protected":false},"featured_media":143,"template":"","meta":[],"product_brand":[],"product_cat":[19],"product_tag":[],"class_list":{"0":"post-65","1":"product","2":"type-product","3":"status-publish","4":"has-post-thumbnail","6":"product_cat-smorgasar","8":"first","9":"instock","10":"purchasable","11":"product-type-simple"},"_links":{"self":[{"href":"https:\/\/www.avellino.se\/ica-kvantum-molndal\/wp-json\/wp\/v2\/product\/65","targetHints":{"allow":["GET"]}}],"collection":[{"href":"https:\/\/www.avellino.se\/ica-kvantum-molndal\/wp-json\/wp\/v2\/product"}],"about":[{"href":"https:\/\/www.avellino.se\/ica-kvantum-molndal\/wp-json\/wp\/v2\/types\/product"}],"wp:featuredmedia":[{"embeddable":true,"href":"https:\/\/www.avellino.se\/ica-kvantum-molndal\/wp-json\/wp\/v2\/media\/143"}],"wp:attachment":[{"href":"https:\/\/www.avellino.se\/ica-kvantum-molndal\/wp-json\/wp\/v2\/media?parent=65"}],"wp:term":[{"taxonomy":"product_brand","embeddable":true,"href":"https:\/\/www.avellino.se\/ica-kvantum-molndal\/wp-json\/wp\/v2\/product_brand?post=65"},{"taxonomy":"product_cat","embeddable":true,"href":"https:\/\/www.avellino.se\/ica-kvantum-molndal\/wp-json\/wp\/v2\/product_cat?post=65"},{"taxonomy":"product_tag","embeddable":true,"href":"https:\/\/www.avellino.se\/ica-kvantum-molndal\/wp-json\/wp\/v2\/product_tag?post=65"}],"curies":[{"name":"wp","href":"https:\/\/api.w.org\/{rel}","templated":true}]}}