

{"id":63,"date":"2018-10-17T08:47:54","date_gmt":"2018-10-17T06:47:54","guid":{"rendered":"https:\/\/www.avellino.se\/ica-kvantum-kungsbacka\/produkt\/import-placeholder-for-13048\/"},"modified":"2026-03-31T12:47:50","modified_gmt":"2026-03-31T10:47:50","slug":"pastasallad-med-rakor-kyckling","status":"publish","type":"product","link":"https:\/\/www.avellino.se\/ica-kvantum-molndal\/produkt\/pastasallad-med-rakor-kyckling\/","title":{"rendered":"Pastasallad med r\u00e4kor &amp; kyckling"},"content":{"rendered":"<p><strong>Inneh\u00e5ll:<\/strong>\u00a0pasta(durum<strong>VETE<\/strong> 100%),pesto(mjuk ost(past\u00f6riserad<strong> MJ\u00d6LK<\/strong>,salt, <strong>MJ\u00d6LK<\/strong>syrakultur och vegetabilisk ostl\u00f6pe), solrosfr\u00f6n, vitl\u00f6k, matolja)ruccola,babyspenat, r\u00f6d mangold , basilika, gurka, tomat, r\u00f6dl\u00f6k, peperoni (peperoni, vatten, havssalt, surhetsreglerande medel: \u00e4ttiksyra, citronsyra, konserveringsmedel: E211 och E223), oliver (oliver, vatten, paprikapasta (paprika, f\u00f6rtjockn.medel (natriumalginat, guargummi), stabiliser.medel (E509), konserv.medel (E202), salt, syra (mj\u00f6lksyra)),kycklingfile 11% (kycklingbr\u00f6stfile, salt, vatten, j\u00e4stextrakt, E451, potatisst\u00e4rkelse, dextros), citronpeppar(salt, syra, svartpeppar, potatisst\u00e4rkelse, socker, l\u00f6k, arom, citronjuisekoncentrat),sweet chilli s\u00e5s (socker,vatten,chillipeppar, \u00e4ttika, modifierad majsst\u00e4rkelse, citronsyra), <strong>R\u00c4KOR<\/strong> i lag 10% (<strong>R\u00c4KOR,<\/strong> vatten, salt, surhetsreglerandemedel, citronsyra, konserveringsmedel, natriumbensoat E211, kaliumbensoat E202), majs, \u00e4rtor, dressing: vinegrette ( olja, balsamico vin\u00e4ger (vin\u00e4ger av vin, koncentrerad druvmust), salladskrydda (salt, l\u00f6k, vitl\u00f6k, \u00f6rter (persilja, oregano, basilika, timjan, dragon, salvia), druvsocker, purjol\u00f6k, klumpf\u00f6rebyggande medel (kiseldioxid)).<\/p>\n","protected":false},"excerpt":{"rendered":"<p>Sallad gj\u00f6rd p\u00e5 pasta med pesto samt grillad kycklingfil\u00e9, r\u00e4kor, mjukost och gr\u00f6nsaker.<\/p>\n","protected":false},"featured_media":136,"template":"","meta":[],"product_brand":[],"product_cat":[18],"product_tag":[],"class_list":{"0":"post-63","1":"product","2":"type-product","3":"status-publish","4":"has-post-thumbnail","6":"product_cat-sallader","8":"first","9":"instock","10":"purchasable","11":"product-type-simple"},"_links":{"self":[{"href":"https:\/\/www.avellino.se\/ica-kvantum-molndal\/wp-json\/wp\/v2\/product\/63","targetHints":{"allow":["GET"]}}],"collection":[{"href":"https:\/\/www.avellino.se\/ica-kvantum-molndal\/wp-json\/wp\/v2\/product"}],"about":[{"href":"https:\/\/www.avellino.se\/ica-kvantum-molndal\/wp-json\/wp\/v2\/types\/product"}],"wp:featuredmedia":[{"embeddable":true,"href":"https:\/\/www.avellino.se\/ica-kvantum-molndal\/wp-json\/wp\/v2\/media\/136"}],"wp:attachment":[{"href":"https:\/\/www.avellino.se\/ica-kvantum-molndal\/wp-json\/wp\/v2\/media?parent=63"}],"wp:term":[{"taxonomy":"product_brand","embeddable":true,"href":"https:\/\/www.avellino.se\/ica-kvantum-molndal\/wp-json\/wp\/v2\/product_brand?post=63"},{"taxonomy":"product_cat","embeddable":true,"href":"https:\/\/www.avellino.se\/ica-kvantum-molndal\/wp-json\/wp\/v2\/product_cat?post=63"},{"taxonomy":"product_tag","embeddable":true,"href":"https:\/\/www.avellino.se\/ica-kvantum-molndal\/wp-json\/wp\/v2\/product_tag?post=63"}],"curies":[{"name":"wp","href":"https:\/\/api.w.org\/{rel}","templated":true}]}}