

{"id":61,"date":"2018-10-17T08:47:54","date_gmt":"2018-10-17T06:47:54","guid":{"rendered":"https:\/\/www.avellino.se\/ica-kvantum-kungsbacka\/produkt\/import-placeholder-for-13046\/"},"modified":"2026-03-31T12:47:00","modified_gmt":"2026-03-31T10:47:00","slug":"bulgursallad-med-varmroktlax","status":"publish","type":"product","link":"https:\/\/www.avellino.se\/ica-kvantum-molndal\/produkt\/bulgursallad-med-varmroktlax\/","title":{"rendered":"Bulgursallad med varmr\u00f6ktlax"},"content":{"rendered":"<p><strong>Inneh\u00e5ll:<\/strong>\u00a0boulgour (durum<strong>VETE<\/strong> ,torr persilja) ,kidney b\u00f6nor, kik\u00e4rtor, ruccola, babyspenat, r\u00f6d mangold, gurka, tomat, r\u00f6d l\u00f6k ,oliver (oliver, vatten, paprikapasta (paprika, f\u00f6rtjockn.medel (natriumalginat, guargummi), stabiliser.medel (E509), konserv.medel (E202), salt, syra (mj\u00f6lksyra)), majs, \u00e4rtor, varmr\u00f6kt<strong> LAX 13% (LAX<\/strong>, salt, kryddor (bl.annat paprika),mjuk ost 3% (past\u00f6riserad <strong>MJ\u00d6LK<\/strong>, salt, <strong>MJ\u00d6LK<\/strong>syrakultur och vegetabilisk ostl\u00f6pe), <strong>\u00c4GG (\u00c4GG<\/strong>, salt, \u00e4ttika, citronsyraE330), citron<br \/>\ndressing: vinegrette ( olja, balsamico vin\u00e4ger (vin\u00e4ger av vin, koncentrerad druvmust), salladskrydda (salt, l\u00f6k, vitl\u00f6k, \u00f6rter (persilja, oregano, basilika, timjan, dragon, salvia), druvsocker, purjol\u00f6k, klumpf\u00f6rebyggande medel (kiseldioxid)), citron.<\/p>\n","protected":false},"excerpt":{"rendered":"<p>Sallad gj\u00f6rd p\u00e5 bulgur med varmr\u00f6ktlax, mjukost och gr\u00f6nsaker.<\/p>\n","protected":false},"featured_media":131,"template":"","meta":[],"product_brand":[],"product_cat":[18],"product_tag":[],"class_list":{"0":"post-61","1":"product","2":"type-product","3":"status-publish","4":"has-post-thumbnail","6":"product_cat-sallader","8":"first","9":"instock","10":"purchasable","11":"product-type-simple"},"_links":{"self":[{"href":"https:\/\/www.avellino.se\/ica-kvantum-molndal\/wp-json\/wp\/v2\/product\/61","targetHints":{"allow":["GET"]}}],"collection":[{"href":"https:\/\/www.avellino.se\/ica-kvantum-molndal\/wp-json\/wp\/v2\/product"}],"about":[{"href":"https:\/\/www.avellino.se\/ica-kvantum-molndal\/wp-json\/wp\/v2\/types\/product"}],"wp:featuredmedia":[{"embeddable":true,"href":"https:\/\/www.avellino.se\/ica-kvantum-molndal\/wp-json\/wp\/v2\/media\/131"}],"wp:attachment":[{"href":"https:\/\/www.avellino.se\/ica-kvantum-molndal\/wp-json\/wp\/v2\/media?parent=61"}],"wp:term":[{"taxonomy":"product_brand","embeddable":true,"href":"https:\/\/www.avellino.se\/ica-kvantum-molndal\/wp-json\/wp\/v2\/product_brand?post=61"},{"taxonomy":"product_cat","embeddable":true,"href":"https:\/\/www.avellino.se\/ica-kvantum-molndal\/wp-json\/wp\/v2\/product_cat?post=61"},{"taxonomy":"product_tag","embeddable":true,"href":"https:\/\/www.avellino.se\/ica-kvantum-molndal\/wp-json\/wp\/v2\/product_tag?post=61"}],"curies":[{"name":"wp","href":"https:\/\/api.w.org\/{rel}","templated":true}]}}