

{"id":55,"date":"2018-10-17T08:47:53","date_gmt":"2018-10-17T06:47:53","guid":{"rendered":"https:\/\/www.avellino.se\/ica-kvantum-kungsbacka\/produkt\/import-placeholder-for-13040\/"},"modified":"2026-03-31T12:48:44","modified_gmt":"2026-03-31T10:48:44","slug":"vegetarisk-sallad","status":"publish","type":"product","link":"https:\/\/www.avellino.se\/ica-kvantum-molndal\/produkt\/vegetarisk-sallad\/","title":{"rendered":"Vegetarisk sallad"},"content":{"rendered":"<p><strong>Inneh\u00e5ll:<\/strong>\u00a0kidney b\u00f6nor, kik\u00e4rtor, ruccola, babyspenat, r\u00f6d mangold, gurka, tomat, peperoni (peperoni, vatten, havssalt, surhetsreglerande medel: \u00e4ttiksyra, citronsyra, konserveringsmedel: E211 och E223), oliver (oliver, vatten, paprikapasta (paprika, f\u00f6rtjockn.medel (natriumalginat, guargummi), stabiliser.medel (E509), konserv.medel (E202), salt, syra (mj\u00f6lksyra)), mjuk ost i lag (past\u00f6riserad MJ\u00d6LK, salt, MJ\u00d6LKsyrakultur och vegetabilisk ostl\u00f6pe), majs, r\u00f6d l\u00f6k, soltorkadtomat ( soltorkadtomat, olja, salt, vin\u00e4ger (vin, vatten, SULFITER), socker, askorbinsyra), \u00c4GG (\u00c4GG, salt,\u00e4ttika, citronsyraE330), dressing: vinegrett ( olja, balsamico vin\u00e4ger (vin\u00e4ger av vin, koncentrerad druvmust), salladskrydda (salt, l\u00f6k, vitl\u00f6k, \u00f6rter (persilja, oregano, basilika, timjan, dragon, salvia), druvsocker, purjol\u00f6k, klumpf\u00f6rebyggande medel (kiseldioxid)).<\/p>\n","protected":false},"excerpt":{"rendered":"<p>Matig gr\u00f6nsakssallad med mjukost, \u00e4gg, kidney b\u00f6nor och kik\u00e4rtor.<\/p>\n","protected":false},"featured_media":112,"template":"","meta":[],"product_brand":[],"product_cat":[18],"product_tag":[],"class_list":{"0":"post-55","1":"product","2":"type-product","3":"status-publish","4":"has-post-thumbnail","6":"product_cat-sallader","8":"first","9":"instock","10":"purchasable","11":"product-type-simple"},"_links":{"self":[{"href":"https:\/\/www.avellino.se\/ica-kvantum-molndal\/wp-json\/wp\/v2\/product\/55","targetHints":{"allow":["GET"]}}],"collection":[{"href":"https:\/\/www.avellino.se\/ica-kvantum-molndal\/wp-json\/wp\/v2\/product"}],"about":[{"href":"https:\/\/www.avellino.se\/ica-kvantum-molndal\/wp-json\/wp\/v2\/types\/product"}],"wp:featuredmedia":[{"embeddable":true,"href":"https:\/\/www.avellino.se\/ica-kvantum-molndal\/wp-json\/wp\/v2\/media\/112"}],"wp:attachment":[{"href":"https:\/\/www.avellino.se\/ica-kvantum-molndal\/wp-json\/wp\/v2\/media?parent=55"}],"wp:term":[{"taxonomy":"product_brand","embeddable":true,"href":"https:\/\/www.avellino.se\/ica-kvantum-molndal\/wp-json\/wp\/v2\/product_brand?post=55"},{"taxonomy":"product_cat","embeddable":true,"href":"https:\/\/www.avellino.se\/ica-kvantum-molndal\/wp-json\/wp\/v2\/product_cat?post=55"},{"taxonomy":"product_tag","embeddable":true,"href":"https:\/\/www.avellino.se\/ica-kvantum-molndal\/wp-json\/wp\/v2\/product_tag?post=55"}],"curies":[{"name":"wp","href":"https:\/\/api.w.org\/{rel}","templated":true}]}}