

{"id":47,"date":"2023-10-01T12:00:53","date_gmt":"2023-10-01T10:00:53","guid":{"rendered":"https:\/\/www.avellino.se\/ica-kvantum-kungsbacka\/produkt\/import-placeholder-for-13032\/"},"modified":"2026-03-31T10:40:09","modified_gmt":"2026-03-31T08:40:09","slug":"julfat","status":"publish","type":"product","link":"https:\/\/www.avellino.se\/ica-kvantum-molndal\/produkt\/julfat\/","title":{"rendered":"Julfat"},"content":{"rendered":"<p><strong>Inneh\u00e5ll:<\/strong>\u00a0varmr\u00f6kt<strong> LAX (LAX<\/strong>, salt, citronpeppar (salt, svartpeppar,citronsyra, potatisst\u00e4rkelse,socker, l\u00f6k)), , k\u00f6ttbullar (n\u00f6tk\u00f6tt,vatten,potatisfiber,druvsocker, l\u00f6k,potatisflingor,potatisst\u00e4rkelse,salt,potatisfiber,j\u00e4stextrakt,kryddor,(vitpeppar,salvia)),r\u00f6dbetssallad 38% (r\u00f6dbetor, rapsolja, \u00e4pple, <strong>\u00c4GGULA<\/strong>, socker, salt, kryddor (cayennepeppar, gurkmeja),<strong> SENAPSFR\u00d6<\/strong>, \u00e4ttika, stabiliseringsmedel (guark\u00e4rnmj\u00f6l, xantangummi), surhetsreglerande medel (citronsyra), konserveringsmedel (natriumbensoat, kaliumsorbat)), senapssill (<strong>SILL<\/strong> i bitar, vatten, socker, rapsolja, hela och malda <strong>SENAP<\/strong>sfr\u00f6n, salt, \u00e4ttika, f\u00f6rtjockningsmedel (xantangummi), konserveringsmedel (natriumbensoat, kaliumsorbat), kryddextrakter, f\u00e4rg\u00e4mne (sockerkul\u00f6r E150c, betakaroten)), inlagd sill (<strong>SILL<\/strong> i bitar, socker, l\u00f6k, salt, mor\u00f6tter, \u00e4ttika, kryddor (bl a kryddpeppar, svartpeppar), kryddextrakter (bl a paprika, kanel), konserveringsmedel (natriumbensoat, kaliumsorbat), julskinka (helmuskel, salt, antioxidationsmedel E325, E331, E301, druvsocker (majs), <strong>SENAP<\/strong> (vatten, <strong>SENAPSFR\u00d6<\/strong>, \u00e4ttiksprit, socker, salt, kryddor), str\u00f6br\u00f6d (rismj\u00f6l, besanmj\u00f6l av kik\u00e4rtor, salt), kryddor, stabiliseringsmedel E450, konserveringsmedel E250), skalade <strong>R\u00c4KOR<\/strong> (<strong>R\u00c4KOR<\/strong>, vatten, salt, surhetsreglerande medel,citronsyra, konserveringsmedel, natriumbensoat E211, kaliumbensoat E202), <strong>\u00c4GG<\/strong> (salt,\u00e4ttika,citronsyra E330),ROM (loddarom, xantangummi, citronsyra, natriumbensoat, kaliumsorbat, safflorextrakt, l\u00f6kextrakt, karmin), ,majonn\u00e4s (rapsolja, vin\u00e4ger, vatten, <strong>\u00c4GGULA, SENAP<\/strong>, glukos, salt, citronjuice, E412, konserveringsmedel E202,antioxidationsmedel E330, E385, \u00f6rter, f\u00e4rg\u00e4mne E160a, paprika), oliv (oliv, vatten, paprikapasta (paprika, f\u00f6rtjockningsmedel (natriumalginat, guargummi), stabiliser.medel (E509), konserv.medel (E202), salt, syra (mj\u00f6lksyra]), druvor, physalis, kiwi, apelsin, cocktail tomater, sallad, dill, julskinka ( (helmuskel), salt, druvsocker (majs), antioxidationsmedel E325, E301, SENAP (vatten, SENAPSFR\u00d6, \u00e4ttiksprit, socker, salt, kryddor), str\u00f6br\u00f6d (rismj\u00f6l, besanmj\u00f6l av kik\u00e4rter, salt), kryddor, stabiliseringsmedel E451, kryddextrakt (muskot), konserveringsmedel E250).<\/p>\n","protected":false},"excerpt":{"rendered":"<p>L\u00e4ckert fat best\u00e5ende av varmr\u00f6kt lax, julskinka, k\u00f6ttbullar med r\u00f6dbetssallad, b\u00e5de inlagd sill samt senap sill, \u00e4gghalvor med r\u00e4kor och kaviar. Vackert upplagt tillsammans med frukt (druvor, kiwi, melon, physalis) och cocktail tomater.<\/p>\n<p>Faten inneh\u00e5ller 150 g k\u00f6tt\/person<\/p>\n<p><strong><em>Best\u00e4lls i antal portioner.\u00a0<\/em><\/strong><strong><em> Minimum 6 portioner<\/em><\/strong><\/p>\n","protected":false},"featured_media":89,"template":"","meta":[],"product_brand":[],"product_cat":[16],"product_tag":[],"class_list":{"0":"post-47","1":"product","2":"type-product","3":"status-publish","4":"has-post-thumbnail","6":"product_cat-festfat","8":"first","9":"instock","10":"purchasable","11":"product-type-simple"},"_links":{"self":[{"href":"https:\/\/www.avellino.se\/ica-kvantum-molndal\/wp-json\/wp\/v2\/product\/47","targetHints":{"allow":["GET"]}}],"collection":[{"href":"https:\/\/www.avellino.se\/ica-kvantum-molndal\/wp-json\/wp\/v2\/product"}],"about":[{"href":"https:\/\/www.avellino.se\/ica-kvantum-molndal\/wp-json\/wp\/v2\/types\/product"}],"wp:featuredmedia":[{"embeddable":true,"href":"https:\/\/www.avellino.se\/ica-kvantum-molndal\/wp-json\/wp\/v2\/media\/89"}],"wp:attachment":[{"href":"https:\/\/www.avellino.se\/ica-kvantum-molndal\/wp-json\/wp\/v2\/media?parent=47"}],"wp:term":[{"taxonomy":"product_brand","embeddable":true,"href":"https:\/\/www.avellino.se\/ica-kvantum-molndal\/wp-json\/wp\/v2\/product_brand?post=47"},{"taxonomy":"product_cat","embeddable":true,"href":"https:\/\/www.avellino.se\/ica-kvantum-molndal\/wp-json\/wp\/v2\/product_cat?post=47"},{"taxonomy":"product_tag","embeddable":true,"href":"https:\/\/www.avellino.se\/ica-kvantum-molndal\/wp-json\/wp\/v2\/product_tag?post=47"}],"curies":[{"name":"wp","href":"https:\/\/api.w.org\/{rel}","templated":true}]}}