

{"id":40,"date":"2018-10-17T08:47:52","date_gmt":"2018-10-17T06:47:52","guid":{"rendered":"https:\/\/www.avellino.se\/ica-kvantum-kungsbacka\/produkt\/import-placeholder-for-13025\/"},"modified":"2026-03-31T12:40:41","modified_gmt":"2026-03-31T10:40:41","slug":"grillfat","status":"publish","type":"product","link":"https:\/\/www.avellino.se\/ica-kvantum-molndal\/produkt\/grillfat\/","title":{"rendered":"Grillfat"},"content":{"rendered":"<p><strong>Inneh\u00e5ll:<\/strong> rostbiff(n\u00f6tk\u00f6tt, st\u00e4rkelse, kryddor,naturlig arom, gr\u00f6nsaksjuice, salt, E250, citron, peppar, koriander, kummin, l\u00f6k, paprika), kycklingspett<strong> SOJA<\/strong> (kycklingbr\u00f6st, vatten, socker, dextros, glukossirap, salt,<strong> SOJA<\/strong>s\u00e5s, <strong>VETE<\/strong>mj\u00f6l, E621, vin\u00e4ger, mirin, E568, E450, E420, karragenan, st\u00e4rkelse, E 621, l\u00f6kpulver, f\u00e4rg\u00e4mne, citronsyra), kycklingspett chili (kycklingbr\u00f6st, vatten, socker, ananassaft, kokosmj\u00f6lk, citronsyra, salt, vitl\u00f6k, maltodextrin, l\u00f6k, chili, E 450, E451, dextros, koriander, <strong>SOJA<\/strong>s\u00e5s, <strong>VETE<\/strong>mj\u00f6l, <strong>OSTRON<\/strong>s\u00e5s, E150d, E211, E202, E 627, peppar,st\u00e4rkelse, E508,E631, E635, lime), fl\u00e4skfil\u00e9(fl\u00e4skfil\u00e9, vatten, salt, druvsocker extrakt, glukossirap, kryddor, E 301), cornichons (dill, gurka, <strong>SESAMFR\u00d6N<\/strong>, l\u00f6k, \u00e4ttika, salt), tomater, melon, kiwi, physalis, druvor, sallad.<\/p>\n","protected":false},"excerpt":{"rendered":"<p>Matigt fat best\u00e5ende av grillad fl\u00e4skfile, rostbiff och tv\u00e5 olika sorters kycklingspett. Vackert upplagt tillsammans med passande frukter och gr\u00f6nsaker.<br \/>\nFaten inneh\u00e5ller ca 150 g k\u00f6tt\/person.<\/p>\n<p><strong><em>Best\u00e4lls i antal portioner.\u00a0<\/em><\/strong><strong><em> Minimum 6 portioner<\/em><\/strong><\/p>\n","protected":false},"featured_media":71,"template":"","meta":[],"product_brand":[],"product_cat":[16],"product_tag":[],"class_list":{"0":"post-40","1":"product","2":"type-product","3":"status-publish","4":"has-post-thumbnail","6":"product_cat-festfat","8":"first","9":"instock","10":"purchasable","11":"product-type-simple"},"_links":{"self":[{"href":"https:\/\/www.avellino.se\/ica-kvantum-molndal\/wp-json\/wp\/v2\/product\/40","targetHints":{"allow":["GET"]}}],"collection":[{"href":"https:\/\/www.avellino.se\/ica-kvantum-molndal\/wp-json\/wp\/v2\/product"}],"about":[{"href":"https:\/\/www.avellino.se\/ica-kvantum-molndal\/wp-json\/wp\/v2\/types\/product"}],"wp:featuredmedia":[{"embeddable":true,"href":"https:\/\/www.avellino.se\/ica-kvantum-molndal\/wp-json\/wp\/v2\/media\/71"}],"wp:attachment":[{"href":"https:\/\/www.avellino.se\/ica-kvantum-molndal\/wp-json\/wp\/v2\/media?parent=40"}],"wp:term":[{"taxonomy":"product_brand","embeddable":true,"href":"https:\/\/www.avellino.se\/ica-kvantum-molndal\/wp-json\/wp\/v2\/product_brand?post=40"},{"taxonomy":"product_cat","embeddable":true,"href":"https:\/\/www.avellino.se\/ica-kvantum-molndal\/wp-json\/wp\/v2\/product_cat?post=40"},{"taxonomy":"product_tag","embeddable":true,"href":"https:\/\/www.avellino.se\/ica-kvantum-molndal\/wp-json\/wp\/v2\/product_tag?post=40"}],"curies":[{"name":"wp","href":"https:\/\/api.w.org\/{rel}","templated":true}]}}