

{"id":299,"date":"2020-10-17T09:08:00","date_gmt":"2020-10-17T07:08:00","guid":{"rendered":"https:\/\/www.avellino.se\/ica-kvantum-kungsbacka\/produkt\/import-placeholder-for-13680\/"},"modified":"2026-03-31T10:36:49","modified_gmt":"2026-03-31T08:36:49","slug":"rakbomb","status":"publish","type":"product","link":"https:\/\/www.avellino.se\/ica-kvantum-molndal\/produkt\/rakbomb\/","title":{"rendered":"R\u00e4kbomb"},"content":{"rendered":"<p><strong>Ingredienser<\/strong>: <b>R\u00c4KOR<\/b> 13% (skalade\u00a0<b>R\u00c4KOR<\/b>, vatten, salt, surhetsreglerande medel, citronsyra, konserveringsmedel, natriumbensoat E211, kaliumbensoat E202), r\u00f6ra (majonn\u00e4s (vegetabilisk olja, vin\u00e4ger, vatten,\u00a0<b>\u00c4GGULA<\/b>,\u00a0<b>SENAP<\/b>, glukos, salt, citronjuice, E412, E202, E330, E385, \u00f6rter, f\u00e4rg\u00e4mne E160a, paprika),\u00a0<b>\u00c4GG<\/b>\u00a0(salt, \u00e4ttika, citronsyra E330), surimi (<b>FISK, VETEST\u00c4RKELSE<\/b>, tapiokast\u00e4rkelse, socker,\u00a0 salt, E420,\u00a0<b>SOJAOLJA<\/b>, vittvin,\u00a0<b>KRABBEXTRAKT, KRABBSMAK<\/b>, stabiliseringsmedel: E407, E450, E451,\u00a0<b>\u00c4GGVITA,<\/b>\u00a0smakf\u00f6rst\u00e4rkare: E640, E621, f\u00e4rg\u00e4mne: E120, E160e), citronpeppar (salt, svartpeppar, syra, socker, l\u00f6k, citronjuicepulver), purjol\u00f6k, ananas, sm\u00f6rg\u00e5sgurka (gurka, socker,\u00a0<b>SENAPSFR\u00d6,<\/b>\u00a0\u00e4ttika, dill)),\u00a0<b>\u00c4GG<\/b>\u00a0(salt, \u00e4ttika, citronsyra E330), tomat, citron. Br\u00f6d:\u00a0<b>VETEMJ\u00d6L<\/b>\u00a0(61%), socker, sirap, rapsolja, fermenterat\u00a0<b>VETEMJ\u00d6L,\u00a0 VETEGLUTEN<\/b>, j\u00e4st, salt,\u00a0<b>HAVREFIBER<\/b>, vegetabiliskt emulgeringsmedel (mono och diglycerider av fettsyror, mono och diglyceriders, mono och diacetylvinsyraestrar), bakpulver (hjorthornssalt),\u00a0<b>KORN<\/b>, mj\u00f6lbehandlingsmedel (askorbinsyra).<\/p>\n","protected":false},"excerpt":{"rendered":"<p>Br\u00f6d med skagenfyllning och majonn\u00e4s, garnerad med r\u00e4kor, \u00e4gg och gr\u00f6nsaker som\u00a0passar f\u00f6r 2-3 personer.<\/p>\n","protected":false},"featured_media":306,"template":"","meta":[],"product_brand":[],"product_cat":[21],"product_tag":[],"class_list":{"0":"post-299","1":"product","2":"type-product","3":"status-publish","4":"has-post-thumbnail","6":"product_cat-smorgastartor","8":"first","9":"instock","10":"purchasable","11":"product-type-simple"},"_links":{"self":[{"href":"https:\/\/www.avellino.se\/ica-kvantum-molndal\/wp-json\/wp\/v2\/product\/299","targetHints":{"allow":["GET"]}}],"collection":[{"href":"https:\/\/www.avellino.se\/ica-kvantum-molndal\/wp-json\/wp\/v2\/product"}],"about":[{"href":"https:\/\/www.avellino.se\/ica-kvantum-molndal\/wp-json\/wp\/v2\/types\/product"}],"wp:featuredmedia":[{"embeddable":true,"href":"https:\/\/www.avellino.se\/ica-kvantum-molndal\/wp-json\/wp\/v2\/media\/306"}],"wp:attachment":[{"href":"https:\/\/www.avellino.se\/ica-kvantum-molndal\/wp-json\/wp\/v2\/media?parent=299"}],"wp:term":[{"taxonomy":"product_brand","embeddable":true,"href":"https:\/\/www.avellino.se\/ica-kvantum-molndal\/wp-json\/wp\/v2\/product_brand?post=299"},{"taxonomy":"product_cat","embeddable":true,"href":"https:\/\/www.avellino.se\/ica-kvantum-molndal\/wp-json\/wp\/v2\/product_cat?post=299"},{"taxonomy":"product_tag","embeddable":true,"href":"https:\/\/www.avellino.se\/ica-kvantum-molndal\/wp-json\/wp\/v2\/product_tag?post=299"}],"curies":[{"name":"wp","href":"https:\/\/api.w.org\/{rel}","templated":true}]}}