

{"id":284,"date":"2018-10-17T09:07:35","date_gmt":"2018-10-17T07:07:35","guid":{"rendered":"https:\/\/www.avellino.se\/ica-kvantum-kungsbacka\/produkt\/import-placeholder-for-13189\/"},"modified":"2026-03-31T10:56:25","modified_gmt":"2026-03-31T08:56:25","slug":"vegan-tarta-aggfri","status":"publish","type":"product","link":"https:\/\/www.avellino.se\/ica-kvantum-molndal\/produkt\/vegan-tarta-aggfri\/","title":{"rendered":"Vegan t\u00e5rta (\u00e4ggfri)"},"content":{"rendered":"<p><strong>Inneh\u00e5ll:\u00a0<\/strong>veganr\u00f6ra ( avocado, rapsolja, sm\u00f6rg\u00e5sgurka (gurka, socker, <strong>SENAPSFR\u00d6<\/strong>, \u00e4ttika, dill), \u00e4rtor, ananas, persilja, citronpeppar (salt, svartpeppar, syra, socker, l\u00f6k, citronjuicepulver), potatis, paprika, soltorkadetomater (tomater, olja, vin\u00e4ger, salt, \u00f6rtkryddor, kryddor, citronsyra, askorbinsyra, svaveldioxid, <strong>SULFIT<\/strong>),\u00a0champinjoner),\u00a0 oliver (oliver, vatten, paprikapasta (paprika, f\u00f6rtjockningsmedel (natriumalginat, guargummi), stabiliser.medel (E509), konserv.medel (E202), salt, syra (mj\u00f6lksyra)), gurka, tomat, paprika, vindruvor, persilja. Br\u00f6d: <strong>VETEMJ\u00d6L<\/strong>, vatten, sirap , rapsolja, siktat <strong>R\u00c5GMJ\u00d6L<\/strong>, surdeg av vete, j\u00e4st, salt, maltmj\u00f6l av <strong>KORN<\/strong>, mj\u00f6lbehandlingsmedel,E300, <strong>VETEGLUTEN\u00a0<\/strong> druvsocker, mj\u00f6lbehandlingsmedel (enzym).<\/p>\n<p><strong>Vegan t\u00e5rta p\u00e5 glutenfritt br\u00f6d inneh\u00e5ll: <\/strong>veganr\u00f6ra ( avocado, rapsolja, sm\u00f6rg\u00e5sgurka (gurka, socker, <strong>SENAPSFR\u00d6<\/strong>, \u00e4ttika, dill), \u00e4rtor, ananas, persilja, citronpeppar (salt, svartpeppar, syra, socker, l\u00f6k, citronjuicepulver), potatis, paprika, soltorkadetomater (tomater, olja, vin\u00e4ger, salt, \u00f6rtkryddor, kryddor, citronsyra, askorbinsyra, svaveldioxid, <strong>SULFIT<\/strong>), champinjoner), oliver (oliver, vatten, paprikapasta (paprika, f\u00f6rtjockningsmedel (natriumalginat, guargummi), stabiliser.medel (E509), konserv.medel (E202), salt, syra (mj\u00f6lksyra)), gurka, tomat, paprika, vindruvor, persilja. Glutenfritt Br\u00f6d: glutenfri <strong>VETEST\u00c4RKELSE<\/strong> (max 2 mg <strong>GLUTEN<\/strong>\/100 g), skum<strong>MJ\u00d6LK<\/strong>spulver (12%), socker, f\u00f6rtjockningsmedel (guark\u00e4rnmj\u00f6l, hydroxipropylmetylcellulosa), bakpulver (glukonsyrans deltalakton, natriumbikarbonat) mineral\u00e4mne (j\u00e4rn), vitaminer (tiamin, riboflavin, niacin, B6, folsyra), vatten, salt, rapsolja, j\u00e4st, potatisfiber, rismj\u00f6l.<\/p>\n<p>&nbsp;<\/p>\n","protected":false},"excerpt":{"rendered":"<p>En helt vegan sm\u00f6rg\u00e5st\u00e5rta som passar till alla veganer, vegetarianer och vego\u00e4lskare som vill testa nytt. V\u00e5r goda fyllning \u00e4r gjord p\u00e5 bland annat avocado, ananas, sm\u00f6rg\u00e5sgurka, \u00e4rtor, paprika samt soltorkadetomater; dekorerad med passande frukter och gr\u00f6nsaker.<\/p>\n<p><strong>\u00a0\u00c4GG HANTERAS I LOKALEN!<\/strong><\/p>\n","protected":false},"featured_media":302,"template":"","meta":[],"product_brand":[],"product_cat":[21],"product_tag":[],"class_list":{"0":"post-284","1":"product","2":"type-product","3":"status-publish","4":"has-post-thumbnail","6":"product_cat-smorgastartor","8":"first","9":"instock","10":"shipping-taxable","11":"purchasable","12":"product-type-variable"},"_links":{"self":[{"href":"https:\/\/www.avellino.se\/ica-kvantum-molndal\/wp-json\/wp\/v2\/product\/284","targetHints":{"allow":["GET"]}}],"collection":[{"href":"https:\/\/www.avellino.se\/ica-kvantum-molndal\/wp-json\/wp\/v2\/product"}],"about":[{"href":"https:\/\/www.avellino.se\/ica-kvantum-molndal\/wp-json\/wp\/v2\/types\/product"}],"wp:featuredmedia":[{"embeddable":true,"href":"https:\/\/www.avellino.se\/ica-kvantum-molndal\/wp-json\/wp\/v2\/media\/302"}],"wp:attachment":[{"href":"https:\/\/www.avellino.se\/ica-kvantum-molndal\/wp-json\/wp\/v2\/media?parent=284"}],"wp:term":[{"taxonomy":"product_brand","embeddable":true,"href":"https:\/\/www.avellino.se\/ica-kvantum-molndal\/wp-json\/wp\/v2\/product_brand?post=284"},{"taxonomy":"product_cat","embeddable":true,"href":"https:\/\/www.avellino.se\/ica-kvantum-molndal\/wp-json\/wp\/v2\/product_cat?post=284"},{"taxonomy":"product_tag","embeddable":true,"href":"https:\/\/www.avellino.se\/ica-kvantum-molndal\/wp-json\/wp\/v2\/product_tag?post=284"}],"curies":[{"name":"wp","href":"https:\/\/api.w.org\/{rel}","templated":true}]}}