

{"id":243,"date":"2018-10-17T09:05:52","date_gmt":"2018-10-17T09:05:52","guid":{"rendered":"https:\/\/www.avellino.se\/ica-kvantum-kungsbacka\/produkt\/import-placeholder-for-13146\/"},"modified":"2026-03-31T11:37:05","modified_gmt":"2026-03-31T09:37:05","slug":"ost-skinktarta","status":"publish","type":"product","link":"https:\/\/www.avellino.se\/ica-kvantum-molndal\/produkt\/ost-skinktarta\/","title":{"rendered":"Ost &#038; skinkt\u00e5rta"},"content":{"rendered":"<p><strong>Inneh\u00e5ll:\u00a0 <\/strong>skinkr\u00f6ra( skinka 33% (pressat skinkk\u00f6tt (65%), vatten, potatisst\u00e4rkelse, salt, socker, emulgeringsmedel (E450), antioxidationsmedel (E301), konserveringsmedel (E250)), kapris, (kapris, vatten, salt, vin\u00e4ger), (majonn\u00e4s (vegetabilisk olja, vin\u00e4ger, vatten, <strong>\u00c4GGULA<\/strong>, <strong>SENAP<\/strong>, glukos ,salt, citronjuice, E412, konserveringsmedel E202, antioxidationsmedel E330, E385, \u00f6rter, f\u00e4rg\u00e4mne E 160a, paprika) sm\u00f6rg\u00e5sgurka (gurka, socker, <strong>SENAPSFR\u00d6<\/strong>, \u00e4ttika, dill), ananas , persilja, (salt, svartpeppar, syra, socker, l\u00f6k, citronjuicepulver), potatis), r\u00f6kt skinka 5%, (skinka, potatisst\u00e4rkelse, glukossirap, salt, E412, E407, grisprotein, E301, E325, E262, E250, r\u00f6karom, druvsocker) ost 5% (past\u00f6riserad <strong>MJ\u00d6LK<\/strong>, syrningskultur, salt, l\u00f6pe, konserveringsmedel E231, f\u00e4rg\u00e4mne E160b), <strong>\u00c4GG<\/strong> (salt, \u00e4ttika, citronsyra E330), gurka, tomat, paprika, persilja, oliver (oliver, vatten, paprikapasta (paprika, f\u00f6rtjockningsmedel (natriumalginat, guargummi), stabiliser.medel (E509), konserv.medel (E202), salt, syra (mj\u00f6lksyra)). Br\u00f6d: <strong>VETEMJ\u00d6L<\/strong>, vatten, sirap, rapsolja, siktat <strong>R\u00c5GMJ\u00d6L<\/strong>, surdeg av <strong>VETE<\/strong>, salt, j\u00e4st, <strong>VETEGLUTEN<\/strong>, druvsocker, mj\u00f6lbehandlingsmedel (enzym).<\/p>\n<p><strong>Ost &amp; skinkt\u00e5rta p\u00e5 glutenfritt br\u00f6d inneh\u00e5ll<\/strong>: skinkr\u00f6ra (skinka 33% (pressat skinkk\u00f6tt (65%), vatten, potatisst\u00e4rkelse, salt, socker, emulgeringsmedel (E450), antioxidationsmedel (E301), konserveringsmedel (E250)), kapris, (kapris, vatten, salt, vin\u00e4ger), (majonn\u00e4s (vegetabilisk olja, vin\u00e4ger, vatten, <strong>\u00c4GGULA<\/strong>, <strong>SENAP<\/strong>, glukos ,salt, citronjuice, E412, konserveringsmedel E202, antioxidationsmedel E330, E385, \u00f6rter, f\u00e4rg\u00e4mne E 160a, paprika) sm\u00f6rg\u00e5sgurka (gurka, socker, <strong>SENAPSFR\u00d6<\/strong>, \u00e4ttika, dill), ananas , persilja, citronpeppar (salt, svartpeppar, syra, socker, l\u00f6k, citronjuicepulver), potatis), r\u00f6kt skinka 5%, (skinka, potatisst\u00e4rkelse, glukossirap, salt, E412, E407, grisprotein, E301, E325, E262, E250, r\u00f6karom, druvsocker) ost 5% (past\u00f6riserad <strong>MJ\u00d6LK<\/strong>, syrningskultur, salt, l\u00f6pe, konserveringsmedel E231, f\u00e4rg\u00e4mne E160b), <strong>\u00c4GG<\/strong> (salt, \u00e4ttika, citronsyra E330), gurka, tomat, paprika, persilja, oliver (oliver, vatten, paprikapasta (paprika, f\u00f6rtjockningsmedel (natriumalginat, guargummi), stabiliser.medel (E509), konserv.medel (E202), salt, syra (mj\u00f6lksyra)).\u00a0Glutenfritt br\u00f6d: glutenfri <strong>VETEST\u00c4RKELSE<\/strong> (max 2 mg<strong> GLUTEN\/<\/strong>100 g), skum<strong>MJ\u00d6LK<\/strong>spulver (12%), socker, f\u00f6rtjockningsmedel (guark\u00e4rnmj\u00f6l, hydroxipropylmetylcellulosa), bakpulver (glukonsyrans deltalakton, natriumbikarbonat) mineral\u00e4mne (j\u00e4rn), vitaminer (tiamin, riboflavin, niacin, B6, folsyra), vatten, salt, rapsolja, j\u00e4st, potatisfiber, rismj\u00f6l.<\/p>\n<p><strong>Ost &amp; skink bakelse utan \u00e4gg inneh\u00e5ll:\u00a0<\/strong>skinkr\u00f6ra( skinka 33% (pressat skinkk\u00f6tt (65%), vatten, potatisst\u00e4rkelse, salt, socker, emulgeringsmedel (E450), antioxidationsmedel (E301), konserveringsmedel (E250)), kapris, (kapris, vatten, salt, vin\u00e4ger),\u00a0h\u00f6gpast\u00f6riserad <strong>GR\u00c4DDE<\/strong>, syrningskultur, sm\u00f6rg\u00e5sgurka (gurka, socker, <strong>SENAPSFR\u00d6<\/strong>, \u00e4ttika, dill), ananas , persilja, citronpeppar (salt, svartpeppar, syra, socker, l\u00f6k, citronjuicepulver), potatis), r\u00f6kt skinka 5%, (skinka, potatisst\u00e4rkelse, glukossirap, salt, E412, E407, grisprotein, E301, E325, E262, E250, r\u00f6karom, druvsocker) ost 5% (past\u00f6riserad <strong>MJ\u00d6LK<\/strong>, syrningskultur, salt, l\u00f6pe, konserveringsmedel E231, f\u00e4rg\u00e4mne E160b), gurka, tomat, paprika, persilja, oliver (oliver, vatten, paprikapasta (paprika, f\u00f6rtjockningsmedel (natriumalginat, guargummi), stabiliser.medel (E509), konserv.medel (E202), salt, syra (mj\u00f6lksyra)). Br\u00f6d: <strong>VETEMJ\u00d6L<\/strong>, vatten, sirap, rapsolja, siktat <strong>R\u00c5GMJ\u00d6L<\/strong>, surdeg av <strong>VETE<\/strong>, salt, j\u00e4st, <strong>VETEGLUTEN<\/strong>, druvsocker, mj\u00f6lbehandlingsmedel (enzym).<\/p>\n","protected":false},"excerpt":{"rendered":"<p>En klassisk underbar sm\u00f6rg\u00e5st\u00e5rta med ost och skinka. V\u00e5r egen fyllning har v\u00e4ldigt goda smaker av bland annat r\u00f6kt skinka, ananas, sm\u00f6rg\u00e5sgurka och kapris; dekorerad med ost, r\u00f6kt skinka, \u00e4gg samt f\u00e4rska gr\u00f6nsaker.<\/p>\n","protected":false},"featured_media":270,"template":"","meta":[],"product_brand":[],"product_cat":[21],"product_tag":[],"class_list":{"0":"post-243","1":"product","2":"type-product","3":"status-publish","4":"has-post-thumbnail","6":"product_cat-smorgastartor","8":"first","9":"instock","10":"shipping-taxable","11":"purchasable","12":"product-type-variable"},"_links":{"self":[{"href":"https:\/\/www.avellino.se\/ica-kvantum-molndal\/wp-json\/wp\/v2\/product\/243","targetHints":{"allow":["GET"]}}],"collection":[{"href":"https:\/\/www.avellino.se\/ica-kvantum-molndal\/wp-json\/wp\/v2\/product"}],"about":[{"href":"https:\/\/www.avellino.se\/ica-kvantum-molndal\/wp-json\/wp\/v2\/types\/product"}],"wp:featuredmedia":[{"embeddable":true,"href":"https:\/\/www.avellino.se\/ica-kvantum-molndal\/wp-json\/wp\/v2\/media\/270"}],"wp:attachment":[{"href":"https:\/\/www.avellino.se\/ica-kvantum-molndal\/wp-json\/wp\/v2\/media?parent=243"}],"wp:term":[{"taxonomy":"product_brand","embeddable":true,"href":"https:\/\/www.avellino.se\/ica-kvantum-molndal\/wp-json\/wp\/v2\/product_brand?post=243"},{"taxonomy":"product_cat","embeddable":true,"href":"https:\/\/www.avellino.se\/ica-kvantum-molndal\/wp-json\/wp\/v2\/product_cat?post=243"},{"taxonomy":"product_tag","embeddable":true,"href":"https:\/\/www.avellino.se\/ica-kvantum-molndal\/wp-json\/wp\/v2\/product_tag?post=243"}],"curies":[{"name":"wp","href":"https:\/\/api.w.org\/{rel}","templated":true}]}}