

{"id":187,"date":"2018-10-17T09:00:17","date_gmt":"2018-10-17T09:00:17","guid":{"rendered":"https:\/\/www.avellino.se\/ica-kvantum-kungsbacka\/produkt\/import-placeholder-for-13112\/"},"modified":"2026-03-31T12:10:52","modified_gmt":"2026-03-31T10:10:52","slug":"rak-laxtarta","status":"publish","type":"product","link":"https:\/\/www.avellino.se\/ica-kvantum-molndal\/produkt\/rak-laxtarta\/","title":{"rendered":"R\u00e4k &#038; laxt\u00e5rta"},"content":{"rendered":"<div class=\"woocommerce-tabs wc-tabs-wrapper\">\n<div id=\"tab-description\" class=\"woocommerce-Tabs-panel woocommerce-Tabs-panel--description panel entry-content wc-tab current\" role=\"tabpanel\" aria-labelledby=\"tab-title-description\">\n<p><strong>Inneh\u00e5ll:<\/strong>\u00a0<strong>R\u00c4KOR<\/strong>\u00a0i lag 10% (<strong>R\u00c4KOR<\/strong>, vatten, salt, konserveringsmedel (E211, E202), surhetsreglerande medel (E330, E331), socker), \u00a0r\u00e4ksallad (majonn\u00e4s (vegetabilisk olja, vin\u00e4ger, vatten,\u00a0<strong>\u00c4GGULA, SENAP<\/strong>, glukos, salt, citronjuice, E412, konserveringsmedel E202,antioxidationsmedel E330, E385, \u00f6rter, f\u00e4rg\u00e4mne E160a, paprika),\u00a0<strong>R\u00c4KOR<\/strong>\u00a04%,\u00a0<strong>\u00c4GG<\/strong>\u00a0(salt, \u00e4ttika, citronsyra E330),surimi (\u00a0<strong>FISK, VETE-ST\u00c4RKELSE,<\/strong>\u00a0tapiokast\u00e4rkelse, socker, salt, E420,\u00a0<strong>SOJAOLJA<\/strong>, vittvin,\u00a0<strong>KRABB<\/strong>\u00a0extract,\u00a0<strong>KRABBSMAK<\/strong>, stabiliseringsmedel: E407, E 450, E451, \u00c4GGVITA, smakf\u00f6rst\u00e4rkare: E640, E621,f\u00e4rg\u00e4mne: E120, E160e),citronpeppar (salt, svartpeppar, syra, socker, l\u00f6k, citronjuicepulver), torr dill), gurka, tomat, citron,oliver (oliver, vatten, paprikapasta (paprika, f\u00f6rtjockningsmedel (natriumalginat, guargummi), stabiliser.medel (E509), konserv.medel (E202), salt, syra (mj\u00f6lksyra)), paprika, dill, <strong>LAX<\/strong> 4% ((salmo salar), salt, socker). Br\u00f6d:\u00a0<strong>VETEMJ\u00d6L,<\/strong>\u00a0vatten, sirap, rapsolja, siktat\u00a0<strong>R\u00c5GMJ\u00d6L<\/strong>, surdeg av\u00a0<strong>VETE<\/strong>, salt, j\u00e4st,\u00a0<strong>VETEGLUTEN<\/strong>, druvsocker, mj\u00f6lbehandlingsmedel (enzym).<\/p>\n<p><strong>R\u00e4k &amp; laxt\u00e5rta p\u00e5 glutenfritt br\u00f6d<\/strong>\u00a0i<strong>nneh\u00e5ll:\u00a0R\u00c4KOR<\/strong>\u00a0i lag 10% (<strong>R\u00c4KOR,<\/strong>\u00a0vatten, salt, konserveringsmedel (E211, E202), surhetsreglerande medel (E330, E331), socker), \u00a0r\u00e4ksallad (majonn\u00e4s (vegetabilisk olja, vin\u00e4ger, vatten,<strong>\u00c4GGULA, SENAP<\/strong>, glukos, salt, citronjuice, E412, konserveringsmedel E202,antioxidationsmedel E330, E385, \u00f6rter, f\u00e4rg\u00e4mne E160a, paprika),\u00a0<strong>R\u00c4KOR<\/strong>\u00a04%,\u00a0<strong>\u00c4GG<\/strong>\u00a0(salt, \u00e4ttika, citronsyra E330),surimi (bearbetad vitfisk (Alaska Pollock),<strong>\u00a0FISK<\/strong>\u00a042% (42g per 100g)), vatten, tapiokast\u00e4rkelse, socker, salt, solrosolja,\u00a0<strong>KRABBEXTRAKT, \u00c4GGVITEPULVER, KRABB<\/strong>arom,\u00a0<strong>KRABBA<\/strong>\u00a0smak, kalciumkarbonat (E170), naturliga f\u00e4rg : karmin f\u00e4rg (E120), paprikaoleoresin (E160c)) ,citronpeppar (salt, svartpeppar, syra, socker, l\u00f6k, citronjuicepulver), torr dill), gurka, tomat, citron,oliver (oliver, vatten, paprikapasta (paprika, f\u00f6rtjockningsmedel (natriumalginat, guargummi), stabiliser.medel (E509), konserv.medel (E202), salt, syra (mj\u00f6lksyra)), paprika, dill,\u00a0<strong>LAX<\/strong> 4% ((salmo salar), salt, socker). Glutenfritt Br\u00f6d: glutenfri\u00a0<strong>VETEST\u00c4RKELSE (max 2 mg GLUTEN\/100g),<\/strong>\u00a0skum<strong>MJ\u00d6LK<\/strong>spulver (12%), socker, f\u00f6rtjockningsmedel (guark\u00e4rnmj\u00f6l, hydroxipropylmetylcellulosa), bakpulver (glukonsyrans deltalakton, natriumbikarbonat) mineral\u00e4mne (j\u00e4rn), vitaminer (tiamin, riboflavin, niacin, B6, folsyra), vatten, salt, rapsolja, j\u00e4st, potatisfiber, rismj\u00f6l.<\/p>\n<\/div>\n<\/div>\n<p>&nbsp;<\/p>\n","protected":false},"excerpt":{"rendered":"<p>Matig och smaklig sm\u00f6rg\u00e5st\u00e5rta med v\u00e5r egen goda fyllning baserad p\u00e5 r\u00e4kor, lax, \u00e4gg, majonn\u00e4s och crabfish, garnerad med sallad, r\u00e4kor, kallr\u00f6kt lax, \u00e4gg och gr\u00f6nsaker. Alla dessa ingredienser i kombination med k\u00e4rlek f\u00f6r mat har som resultat en unik smak; f\u00f6rmodligen en av de b\u00e4sta\u00a0 I sm\u00f6rg\u00e5st\u00e5rtorna G\u00f6teborg!<\/p>\n","protected":false},"featured_media":238,"template":"","meta":[],"product_brand":[],"product_cat":[21],"product_tag":[],"class_list":{"0":"post-187","1":"product","2":"type-product","3":"status-publish","4":"has-post-thumbnail","6":"product_cat-smorgastartor","8":"first","9":"instock","10":"shipping-taxable","11":"purchasable","12":"product-type-variable"},"_links":{"self":[{"href":"https:\/\/www.avellino.se\/ica-kvantum-molndal\/wp-json\/wp\/v2\/product\/187","targetHints":{"allow":["GET"]}}],"collection":[{"href":"https:\/\/www.avellino.se\/ica-kvantum-molndal\/wp-json\/wp\/v2\/product"}],"about":[{"href":"https:\/\/www.avellino.se\/ica-kvantum-molndal\/wp-json\/wp\/v2\/types\/product"}],"wp:featuredmedia":[{"embeddable":true,"href":"https:\/\/www.avellino.se\/ica-kvantum-molndal\/wp-json\/wp\/v2\/media\/238"}],"wp:attachment":[{"href":"https:\/\/www.avellino.se\/ica-kvantum-molndal\/wp-json\/wp\/v2\/media?parent=187"}],"wp:term":[{"taxonomy":"product_brand","embeddable":true,"href":"https:\/\/www.avellino.se\/ica-kvantum-molndal\/wp-json\/wp\/v2\/product_brand?post=187"},{"taxonomy":"product_cat","embeddable":true,"href":"https:\/\/www.avellino.se\/ica-kvantum-molndal\/wp-json\/wp\/v2\/product_cat?post=187"},{"taxonomy":"product_tag","embeddable":true,"href":"https:\/\/www.avellino.se\/ica-kvantum-molndal\/wp-json\/wp\/v2\/product_tag?post=187"}],"curies":[{"name":"wp","href":"https:\/\/api.w.org\/{rel}","templated":true}]}}