

{"id":170,"date":"2018-10-17T08:58:49","date_gmt":"2018-10-17T08:58:49","guid":{"rendered":"https:\/\/www.avellino.se\/ica-kvantum-kungsbacka\/produkt\/import-placeholder-for-13102\/"},"modified":"2026-03-31T12:21:30","modified_gmt":"2026-03-31T10:21:30","slug":"raktarta","status":"publish","type":"product","link":"https:\/\/www.avellino.se\/ica-kvantum-molndal\/produkt\/raktarta\/","title":{"rendered":"R\u00e4kt\u00e5rta"},"content":{"rendered":"<p><strong>Inneh\u00e5ll:<\/strong> <strong>R\u00c4KOR<\/strong> i lag 10% (<strong>R\u00c4KOR<\/strong>, vatten, salt, konserveringsmedel (E211, E202), surhetsreglerande medel (E330, E331), socker), \u00a0r\u00e4ksallad (majonn\u00e4s (vegetabilisk olja, vin\u00e4ger, vatten, <strong>\u00c4GGULA, SENAP<\/strong>, glukos, salt, citronjuice, E412, konserveringsmedel E202,antioxidationsmedel E330, E385, \u00f6rter, f\u00e4rg\u00e4mne E160a, paprika), <strong>R\u00c4KOR<\/strong> 4%, <strong>\u00c4GG<\/strong> (salt, \u00e4ttika, citronsyra E330),surimi ( <strong>FISK, VETE-ST\u00c4RKELSE,<\/strong> tapiokast\u00e4rkelse, socker, salt, E420, <strong>SOJAOLJA<\/strong>, vittvin, <strong>KRABB<\/strong> extract, <strong>KRABBSMAK<\/strong>, stabiliseringsmedel: E407, E 450, E451, <strong>\u00c4GGVITA<\/strong>, smakf\u00f6rst\u00e4rkare: E640, E621,f\u00e4rg\u00e4mne: E120, E160e),citronpeppar (salt, svartpeppar, syra, socker, l\u00f6k, citronjuicepulver), torr dill), gurka, tomat, citron,oliver (oliver, vatten, paprikapasta (paprika, f\u00f6rtjockningsmedel (natriumalginat, guargummi), stabiliser.medel (E509), konserv.medel (E202), salt, syra (mj\u00f6lksyra)), paprika, dill. Br\u00f6d: <strong>VETEMJ\u00d6L,<\/strong> vatten, sirap, rapsolja, siktat <strong>R\u00c5GMJ\u00d6L<\/strong>, surdeg av <strong>VETE<\/strong>, salt, j\u00e4st, <strong>VETEGLUTEN<\/strong>, druvsocker, mj\u00f6lbehandlingsmedel (enzym).<\/p>\n<p><strong>R\u00e4kt\u00e5rta p\u00e5 glutenfritt br\u00f6d<\/strong>\u00a0i<strong>nneh\u00e5ll:\u00a0R\u00c4KOR<\/strong> i lag 10% (<strong>R\u00c4KOR,<\/strong> vatten, salt, konserveringsmedel (E211, E202), surhetsreglerande medel (E330, E331), socker), \u00a0r\u00e4ksallad (majonn\u00e4s (vegetabilisk olja, vin\u00e4ger, vatten,<strong> \u00c4GGULA, SENAP<\/strong>, glukos, salt, citronjuice, E412, konserveringsmedel E202,antioxidationsmedel E330, E385, \u00f6rter, f\u00e4rg\u00e4mne E160a, paprika), <strong>R\u00c4KOR<\/strong> 4%, <strong>\u00c4GG<\/strong> (salt, \u00e4ttika, citronsyra E330),surimi (bearbetad vitfisk (Alaska Pollock),<strong> FISK<\/strong> 42% (42g per 100g)), vatten, tapiokast\u00e4rkelse, socker, salt, solrosolja, <strong>KRABBEXTRAKT, \u00c4GGVITEPULVER, KRABB<\/strong>arom, <strong>KRABBA<\/strong> smak, kalciumkarbonat (E170), naturliga f\u00e4rg : karmin f\u00e4rg (E120), paprikaoleoresin (E160c)) ,citronpeppar (salt, svartpeppar, syra, socker, l\u00f6k, citronjuicepulver), torr dill), gurka, tomat, citron,oliver (oliver, vatten, paprikapasta (paprika, f\u00f6rtjockningsmedel (natriumalginat, guargummi), stabiliser.medel (E509), konserv.medel (E202), salt, syra (mj\u00f6lksyra)), paprika, dill. Glutenfritt Br\u00f6d: glutenfri <strong>VETEST\u00c4RKELSE (max 2 mg GLUTEN\/100 g),<\/strong> skum<strong>MJ\u00d6LK<\/strong>spulver (12%), socker, f\u00f6rtjockningsmedel (guark\u00e4rnmj\u00f6l, hydroxipropylmetylcellulosa), bakpulver (glukonsyrans deltalakton, natriumbikarbonat) mineral\u00e4mne (j\u00e4rn), vitaminer (tiamin, riboflavin, niacin, B6, folsyra), vatten, salt, rapsolja, j\u00e4st, potatisfiber, rismj\u00f6l.<\/p>\n","protected":false},"excerpt":{"rendered":"<p>Matig och smaklig sm\u00f6rg\u00e5st\u00e5rta med v\u00e5r egen goda fyllning baserad p\u00e5 r\u00e4kor, \u00e4gg, majonn\u00e4s och crabfish, garnerad med sallad, r\u00e4kor, \u00e4gg och gr\u00f6nsaker. Alla dessa ingredienser i kombination med k\u00e4rlek f\u00f6r mat har som resultat en unik smak; f\u00f6rmodligen en av de b\u00e4sta\u00a0sm\u00f6rg\u00e5st\u00e5rtorna i G\u00f6teborg!<\/p>\n","protected":false},"featured_media":232,"template":"","meta":[],"product_brand":[],"product_cat":[21],"product_tag":[],"class_list":{"0":"post-170","1":"product","2":"type-product","3":"status-publish","4":"has-post-thumbnail","6":"product_cat-smorgastartor","8":"first","9":"instock","10":"shipping-taxable","11":"purchasable","12":"product-type-variable"},"_links":{"self":[{"href":"https:\/\/www.avellino.se\/ica-kvantum-molndal\/wp-json\/wp\/v2\/product\/170","targetHints":{"allow":["GET"]}}],"collection":[{"href":"https:\/\/www.avellino.se\/ica-kvantum-molndal\/wp-json\/wp\/v2\/product"}],"about":[{"href":"https:\/\/www.avellino.se\/ica-kvantum-molndal\/wp-json\/wp\/v2\/types\/product"}],"wp:featuredmedia":[{"embeddable":true,"href":"https:\/\/www.avellino.se\/ica-kvantum-molndal\/wp-json\/wp\/v2\/media\/232"}],"wp:attachment":[{"href":"https:\/\/www.avellino.se\/ica-kvantum-molndal\/wp-json\/wp\/v2\/media?parent=170"}],"wp:term":[{"taxonomy":"product_brand","embeddable":true,"href":"https:\/\/www.avellino.se\/ica-kvantum-molndal\/wp-json\/wp\/v2\/product_brand?post=170"},{"taxonomy":"product_cat","embeddable":true,"href":"https:\/\/www.avellino.se\/ica-kvantum-molndal\/wp-json\/wp\/v2\/product_cat?post=170"},{"taxonomy":"product_tag","embeddable":true,"href":"https:\/\/www.avellino.se\/ica-kvantum-molndal\/wp-json\/wp\/v2\/product_tag?post=170"}],"curies":[{"name":"wp","href":"https:\/\/api.w.org\/{rel}","templated":true}]}}