

{"id":142,"date":"2018-10-17T08:56:24","date_gmt":"2018-10-17T06:56:24","guid":{"rendered":"https:\/\/www.avellino.se\/ica-kvantum-kungsbacka\/produkt\/import-placeholder-for-13079\/"},"modified":"2026-03-31T12:26:01","modified_gmt":"2026-03-31T10:26:01","slug":"bagel-med-kyckling-pestomajonnas","status":"publish","type":"product","link":"https:\/\/www.avellino.se\/ica-kvantum-molndal\/produkt\/bagel-med-kyckling-pestomajonnas\/","title":{"rendered":"Bagel med kyckling &#038; pestomajonn\u00e4s"},"content":{"rendered":"<p><strong>Inneh\u00e5ll:<\/strong>\u00a0sm\u00f6rg\u00e5smargarin (vegetabiliskt fett, syrat <strong>SKUMMJ\u00d6LK<\/strong>, salt, emulgeringsmedel:mono och dyglicerider av fettsyror(E471),<br \/>\nkonserveringsmedel, kaliumsorbat (E202), arom, f\u00e4rg:betacaroten), kycklingfile (kycklingbr\u00f6stfile, salt, vatten, j\u00e4stextrakt, E451, potatisst\u00e4rkelse, dextros), pesto (mjukost (past\u00f6riserad<strong> MJ\u00d6LK<\/strong>, salt, <strong>MJ\u00d6LK<\/strong>syrakultur och vegetabilisk ostl\u00f6pe), solrosfr\u00f6n, vitl\u00f6k, matolja),babyspenat), maj\u00f6nn\u00e4s (vegetabilisk olja, vin\u00e4ger, vatten, <strong>\u00c4GGULA, SENAP<\/strong>, glucos, salt, citronjuce, E412, konserveringsmedel E202, antioxidationmedel E330, E385, \u00f6rter, f\u00e4rg\u00e4mne E 160a, paprika), salladsmix ( ruccola, babyspenat, r\u00f6d mangold) gurka, paprika, soltorkadtomat (soltorkadetomater, solrosolja, vin\u00e4ger (vin, <strong>SULFITER<\/strong>), salt, soker, askorbinsyra), gurka, paprika.<br \/>\nBr\u00f6d:<strong> VETEMJ\u00d6L<\/strong>, vatten, vallmofr\u00f6, j\u00e4st, margarin ((vegetariskt fett (palm*), vatten, rapsolja, emulgeringsmedel (E 471, E 322), citronjuice, salt (0,2%), naturlig arom)), salt, druvsocker, emulgeringsmedel (E 472e), * Segregerad palm-Certifierad &amp; h\u00e5llbart producerad palmolja), mj\u00f6lbehandlingsmedel E300.<\/p>\n","protected":false},"excerpt":{"rendered":"<p>Bagel med grillad kycklingfil\u00e9, pestomajonn\u00e4s och soltorkadetomater tillsammans med gr\u00f6nsaker.<\/p>\n","protected":false},"featured_media":198,"template":"","meta":[],"product_brand":[],"product_cat":[19],"product_tag":[],"class_list":{"0":"post-142","1":"product","2":"type-product","3":"status-publish","4":"has-post-thumbnail","6":"product_cat-smorgasar","8":"first","9":"instock","10":"purchasable","11":"product-type-simple"},"_links":{"self":[{"href":"https:\/\/www.avellino.se\/ica-kvantum-molndal\/wp-json\/wp\/v2\/product\/142","targetHints":{"allow":["GET"]}}],"collection":[{"href":"https:\/\/www.avellino.se\/ica-kvantum-molndal\/wp-json\/wp\/v2\/product"}],"about":[{"href":"https:\/\/www.avellino.se\/ica-kvantum-molndal\/wp-json\/wp\/v2\/types\/product"}],"wp:featuredmedia":[{"embeddable":true,"href":"https:\/\/www.avellino.se\/ica-kvantum-molndal\/wp-json\/wp\/v2\/media\/198"}],"wp:attachment":[{"href":"https:\/\/www.avellino.se\/ica-kvantum-molndal\/wp-json\/wp\/v2\/media?parent=142"}],"wp:term":[{"taxonomy":"product_brand","embeddable":true,"href":"https:\/\/www.avellino.se\/ica-kvantum-molndal\/wp-json\/wp\/v2\/product_brand?post=142"},{"taxonomy":"product_cat","embeddable":true,"href":"https:\/\/www.avellino.se\/ica-kvantum-molndal\/wp-json\/wp\/v2\/product_cat?post=142"},{"taxonomy":"product_tag","embeddable":true,"href":"https:\/\/www.avellino.se\/ica-kvantum-molndal\/wp-json\/wp\/v2\/product_tag?post=142"}],"curies":[{"name":"wp","href":"https:\/\/api.w.org\/{rel}","templated":true}]}}