

{"id":139,"date":"2018-10-17T08:56:00","date_gmt":"2018-10-17T06:56:00","guid":{"rendered":"https:\/\/www.avellino.se\/ica-kvantum-kungsbacka\/produkt\/import-placeholder-for-13078\/"},"modified":"2026-03-31T12:26:30","modified_gmt":"2026-03-31T10:26:30","slug":"bagel-med-mozzarella-lufttorkadskinka","status":"publish","type":"product","link":"https:\/\/www.avellino.se\/ica-kvantum-molndal\/produkt\/bagel-med-mozzarella-lufttorkadskinka\/","title":{"rendered":"Bagel med mozzarella &#038; lufttorkadskinka"},"content":{"rendered":"<p><strong>Inneh\u00e5ll:<\/strong>\u00a0sm\u00f6rg\u00e5smargarin (vegetabiliskt fett, syrat <strong>SKUMMJ\u00d6LK<\/strong>, salt, emulgeringsmedel:mono och dyglicerider av fettsyror(E471),<br \/>\nkonserveringsmedel, kaliumsorbat (E202), arom, f\u00e4rg:betacaroten), mozzarella 16% (past. <strong>KOMJ\u00d6LK<\/strong>, ystenzym, citronsyra, salt), lufttorkadskinka (skinka, salt, dextros, natriumlaktat, kryddor, natriumaskorbat, kryddextrakt, natriumnitrit), soltorkadetomater (tomater, olja, vin\u00e4ger, salt, \u00f6rtkryddor, kryddor, citronsyra, askorbinsyra, svaveldioxid,<strong> SULFIT)<\/strong>, gr\u00f6na skivade oliver ( salt, surhetsreglerande medel (mj\u00f6lksyra), citronsyra, antioxidant (askorbinsyra)), salladsmix ( ruccola, babyspenat, r\u00f6d mangold), gurka, paprika. Br\u00f6d: <strong>VETEMJ\u00d6L<\/strong>, vatten, vallmofr\u00f6, j\u00e4st, margarin ((vegetariskt fett (palm*), vatten, rapsolja, emulgeringsmedel (E 471, E 322), citronjuice, salt (0,2%), naturlig arom)), salt, druvsocker, emulgeringsmedel (E 472e), * Segregerad palm-Certifierad &amp; h\u00e5llbart producerad palmolja), mj\u00f6lbehandlingsmedel E300.<\/p>\n","protected":false},"excerpt":{"rendered":"<p>Bagel med lufttorkadskinka, mozzarella och soltorkadetomater tillsammans med gr\u00f6nsaker.<\/p>\n","protected":false},"featured_media":197,"template":"","meta":[],"product_brand":[],"product_cat":[19],"product_tag":[],"class_list":{"0":"post-139","1":"product","2":"type-product","3":"status-publish","4":"has-post-thumbnail","6":"product_cat-smorgasar","8":"first","9":"instock","10":"purchasable","11":"product-type-simple"},"_links":{"self":[{"href":"https:\/\/www.avellino.se\/ica-kvantum-molndal\/wp-json\/wp\/v2\/product\/139","targetHints":{"allow":["GET"]}}],"collection":[{"href":"https:\/\/www.avellino.se\/ica-kvantum-molndal\/wp-json\/wp\/v2\/product"}],"about":[{"href":"https:\/\/www.avellino.se\/ica-kvantum-molndal\/wp-json\/wp\/v2\/types\/product"}],"wp:featuredmedia":[{"embeddable":true,"href":"https:\/\/www.avellino.se\/ica-kvantum-molndal\/wp-json\/wp\/v2\/media\/197"}],"wp:attachment":[{"href":"https:\/\/www.avellino.se\/ica-kvantum-molndal\/wp-json\/wp\/v2\/media?parent=139"}],"wp:term":[{"taxonomy":"product_brand","embeddable":true,"href":"https:\/\/www.avellino.se\/ica-kvantum-molndal\/wp-json\/wp\/v2\/product_brand?post=139"},{"taxonomy":"product_cat","embeddable":true,"href":"https:\/\/www.avellino.se\/ica-kvantum-molndal\/wp-json\/wp\/v2\/product_cat?post=139"},{"taxonomy":"product_tag","embeddable":true,"href":"https:\/\/www.avellino.se\/ica-kvantum-molndal\/wp-json\/wp\/v2\/product_tag?post=139"}],"curies":[{"name":"wp","href":"https:\/\/api.w.org\/{rel}","templated":true}]}}