

{"id":133,"date":"2018-10-17T08:55:20","date_gmt":"2018-10-17T06:55:20","guid":{"rendered":"https:\/\/www.avellino.se\/ica-kvantum-kungsbacka\/produkt\/import-placeholder-for-13076\/"},"modified":"2026-03-31T12:27:21","modified_gmt":"2026-03-31T10:27:21","slug":"vegan-wrap","status":"publish","type":"product","link":"https:\/\/www.avellino.se\/ica-kvantum-molndal\/produkt\/vegan-wrap\/","title":{"rendered":"Vegan Wrap"},"content":{"rendered":"<p><strong>Inneh\u00e5ll:<\/strong>\u00a0veganr\u00f6ra ( avocado, rapsolja, sm\u00f6rg\u00e5sgurka (gurka, socker, <strong>SENAPFR\u00d6<\/strong>,\u00e4ttika, dill), \u00e4rtor, ananas, persilja, citronpeppar (syra,socker, potatisst\u00e4rkelse, smakf\u00f6rst\u00e4rkare E621,l\u00f6k), potatis, paprika, soltorkadetomater (tomater, olja, vin\u00e4ger, salt, \u00f6rtkryddor, kryddor, citronsyra, askorbinsyra, svaveldioxid, <strong>SULFIT<\/strong>), oliver (oliver, vatten, paprikapasta (paprika, f\u00f6rtjockn.medel (natriumalginat, guargummi), stabiliser.medel (E509), konserv.medel (E202), salt, syra (mj\u00f6lksyra)), gurka, tomat, paprika, ruccola, babyspenat, r\u00f6d mangold. Br\u00f6d:<strong>VETE<\/strong>mj\u00f6l, vatten, j\u00e4st, salt, socker<\/p>\n","protected":false},"excerpt":{"rendered":"<p>Veganr\u00f6ra med avocado, sm\u00f6rg\u00e5sgurka, \u00e4rtor, ananas, potatis, r\u00f6d paprika och soltorkadetomater tillsamans med f\u00e4rska gr\u00f6nsaker i lavash br\u00f6d.<\/p>\n","protected":false},"featured_media":193,"template":"","meta":[],"product_brand":[],"product_cat":[19],"product_tag":[],"class_list":{"0":"post-133","1":"product","2":"type-product","3":"status-publish","4":"has-post-thumbnail","6":"product_cat-smorgasar","8":"first","9":"instock","10":"purchasable","11":"product-type-simple"},"_links":{"self":[{"href":"https:\/\/www.avellino.se\/ica-kvantum-molndal\/wp-json\/wp\/v2\/product\/133","targetHints":{"allow":["GET"]}}],"collection":[{"href":"https:\/\/www.avellino.se\/ica-kvantum-molndal\/wp-json\/wp\/v2\/product"}],"about":[{"href":"https:\/\/www.avellino.se\/ica-kvantum-molndal\/wp-json\/wp\/v2\/types\/product"}],"wp:featuredmedia":[{"embeddable":true,"href":"https:\/\/www.avellino.se\/ica-kvantum-molndal\/wp-json\/wp\/v2\/media\/193"}],"wp:attachment":[{"href":"https:\/\/www.avellino.se\/ica-kvantum-molndal\/wp-json\/wp\/v2\/media?parent=133"}],"wp:term":[{"taxonomy":"product_brand","embeddable":true,"href":"https:\/\/www.avellino.se\/ica-kvantum-molndal\/wp-json\/wp\/v2\/product_brand?post=133"},{"taxonomy":"product_cat","embeddable":true,"href":"https:\/\/www.avellino.se\/ica-kvantum-molndal\/wp-json\/wp\/v2\/product_cat?post=133"},{"taxonomy":"product_tag","embeddable":true,"href":"https:\/\/www.avellino.se\/ica-kvantum-molndal\/wp-json\/wp\/v2\/product_tag?post=133"}],"curies":[{"name":"wp","href":"https:\/\/api.w.org\/{rel}","templated":true}]}}