

{"id":130,"date":"2018-10-17T08:54:58","date_gmt":"2018-10-17T06:54:58","guid":{"rendered":"https:\/\/www.avellino.se\/ica-kvantum-kungsbacka\/produkt\/import-placeholder-for-13075\/"},"modified":"2026-03-31T12:27:31","modified_gmt":"2026-03-31T10:27:31","slug":"wrap-med-lax-vastkustsallad","status":"publish","type":"product","link":"https:\/\/www.avellino.se\/ica-kvantum-molndal\/produkt\/wrap-med-lax-vastkustsallad\/","title":{"rendered":"Wrap med lax &#038; v\u00e4stkustsallad"},"content":{"rendered":"<p><strong>Inneh\u00e5ll:<\/strong>\u00a0v\u00e4stkustsallad 32% (maj\u00f6nn\u00e4s (vegetabilisk olja, vin\u00e4ger, vatten, <strong>\u00c4GGULA, SENAP<\/strong>, glucos, salt, citronjuce, E412, konserveringsm. E202, antioxidationmedel E330,E385, \u00f6rter, f\u00e4rg\u00e4mneE160a, paprika), <strong>R\u00c4KOR 2%,\u00c4GG<\/strong> (salt,\u00e4ttika,citronsyraE330), surimi( <strong>FISK<\/strong>, <strong>VETEST\u00c4RKELSE<\/strong>,tapiokast\u00e4rkelse, socker, salt, E420, <strong>SOJAOLJA<\/strong>, vittvin, <strong>KRABBEXTRAKT, KRABBSMAK,<\/strong> stabiliseringsmedel: E407, E 450, E451, <strong>\u00c4GGVITA<\/strong>, smakf\u00f6rst\u00e4rkare: E640,E621,f\u00e4rg\u00e4mne: E120, E160e),citronpeppar (salt, svartpeppar, syra, socker, l\u00f6k, citronjuicepulver), torrdill), <strong>LAX<\/strong> 4% ((salmo salar), salt, socker) ,gurka, tomat, ruccola, babyspenat, r\u00f6d mangold. Br\u00f6d: <strong>VETEMJ\u00d6L<\/strong>, vatten, j\u00e4st, salt, socker<\/p>\n","protected":false},"excerpt":{"rendered":"<p>V\u00e4stkustsallad och kallr\u00f6ktlax med gr\u00f6nsaker i lavash br\u00f6d.<\/p>\n","protected":false},"featured_media":192,"template":"","meta":[],"product_brand":[],"product_cat":[19],"product_tag":[],"class_list":{"0":"post-130","1":"product","2":"type-product","3":"status-publish","4":"has-post-thumbnail","6":"product_cat-smorgasar","8":"first","9":"instock","10":"purchasable","11":"product-type-simple"},"_links":{"self":[{"href":"https:\/\/www.avellino.se\/ica-kvantum-molndal\/wp-json\/wp\/v2\/product\/130","targetHints":{"allow":["GET"]}}],"collection":[{"href":"https:\/\/www.avellino.se\/ica-kvantum-molndal\/wp-json\/wp\/v2\/product"}],"about":[{"href":"https:\/\/www.avellino.se\/ica-kvantum-molndal\/wp-json\/wp\/v2\/types\/product"}],"wp:featuredmedia":[{"embeddable":true,"href":"https:\/\/www.avellino.se\/ica-kvantum-molndal\/wp-json\/wp\/v2\/media\/192"}],"wp:attachment":[{"href":"https:\/\/www.avellino.se\/ica-kvantum-molndal\/wp-json\/wp\/v2\/media?parent=130"}],"wp:term":[{"taxonomy":"product_brand","embeddable":true,"href":"https:\/\/www.avellino.se\/ica-kvantum-molndal\/wp-json\/wp\/v2\/product_brand?post=130"},{"taxonomy":"product_cat","embeddable":true,"href":"https:\/\/www.avellino.se\/ica-kvantum-molndal\/wp-json\/wp\/v2\/product_cat?post=130"},{"taxonomy":"product_tag","embeddable":true,"href":"https:\/\/www.avellino.se\/ica-kvantum-molndal\/wp-json\/wp\/v2\/product_tag?post=130"}],"curies":[{"name":"wp","href":"https:\/\/api.w.org\/{rel}","templated":true}]}}