

{"id":124,"date":"2018-10-17T08:54:17","date_gmt":"2018-10-17T06:54:17","guid":{"rendered":"https:\/\/www.avellino.se\/ica-kvantum-kungsbacka\/produkt\/import-placeholder-for-13073\/"},"modified":"2026-03-31T12:28:01","modified_gmt":"2026-03-31T10:28:01","slug":"wrap-med-mozzarella-lufttorkadskinka","status":"publish","type":"product","link":"https:\/\/www.avellino.se\/ica-kvantum-molndal\/produkt\/wrap-med-mozzarella-lufttorkadskinka\/","title":{"rendered":"Wrap med mozzarella &#038; lufttorkadskinka"},"content":{"rendered":"<p><strong>Inneh\u00e5ll:<\/strong>\u00a0 mozarella 11% (past.<strong> KOMJ\u00d6LK<\/strong>, ystenzym, citronsyra, salt), soltorkadetomater (tomater, olja, vin\u00e4ger, salt, \u00f6rtkryddor, kryddor, citronsyra, askorbinsyra, svaveldioxid, <strong>SULFIT<\/strong>), lufttorkad skinka 14% (skinkk\u00f6tt, salt, sockerarter (sackaros, dextros, glukossirap), E252, E250, E 301), oliver (oliver, vatten, paprikapasta (paprika, f\u00f6rtjockn.medel (natriumalginat, guargummi), stabiliser.medel (E509), konserv.medel (E202), salt, syra (mj\u00f6lksyra)), gurka, tomat, pesto (mjuk ost (past\u00f6riserad <strong>MJ\u00d6LK<\/strong>, salt, <strong>MJ\u00d6LK<\/strong>syrakultur och vegetabilisk ostl\u00f6pe), solrosfr\u00f6n, vitl\u00f6k, matolja) babyspenat)), ruccola, babyspenat, r\u00f6d mangold. Br\u00f6d: <strong>VETEMJ\u00d6L<\/strong>, vatten, j\u00e4st, salt, socker.<\/p>\n","protected":false},"excerpt":{"rendered":"<p>Italiensk inspirerad wrap med lufttorkadskinka, pesto och mozzarella, soltorkadetomater och oliver tillsammans med gr\u00f6nsaker i lavashbr\u00f6d.<\/p>\n","protected":false},"featured_media":188,"template":"","meta":[],"product_brand":[],"product_cat":[19],"product_tag":[],"class_list":{"0":"post-124","1":"product","2":"type-product","3":"status-publish","4":"has-post-thumbnail","6":"product_cat-smorgasar","8":"first","9":"instock","10":"purchasable","11":"product-type-simple"},"_links":{"self":[{"href":"https:\/\/www.avellino.se\/ica-kvantum-molndal\/wp-json\/wp\/v2\/product\/124","targetHints":{"allow":["GET"]}}],"collection":[{"href":"https:\/\/www.avellino.se\/ica-kvantum-molndal\/wp-json\/wp\/v2\/product"}],"about":[{"href":"https:\/\/www.avellino.se\/ica-kvantum-molndal\/wp-json\/wp\/v2\/types\/product"}],"wp:featuredmedia":[{"embeddable":true,"href":"https:\/\/www.avellino.se\/ica-kvantum-molndal\/wp-json\/wp\/v2\/media\/188"}],"wp:attachment":[{"href":"https:\/\/www.avellino.se\/ica-kvantum-molndal\/wp-json\/wp\/v2\/media?parent=124"}],"wp:term":[{"taxonomy":"product_brand","embeddable":true,"href":"https:\/\/www.avellino.se\/ica-kvantum-molndal\/wp-json\/wp\/v2\/product_brand?post=124"},{"taxonomy":"product_cat","embeddable":true,"href":"https:\/\/www.avellino.se\/ica-kvantum-molndal\/wp-json\/wp\/v2\/product_cat?post=124"},{"taxonomy":"product_tag","embeddable":true,"href":"https:\/\/www.avellino.se\/ica-kvantum-molndal\/wp-json\/wp\/v2\/product_tag?post=124"}],"curies":[{"name":"wp","href":"https:\/\/api.w.org\/{rel}","templated":true}]}}