

{"id":104,"date":"2018-10-17T08:52:13","date_gmt":"2018-10-17T06:52:13","guid":{"rendered":"https:\/\/www.avellino.se\/ica-kvantum-kungsbacka\/produkt\/import-placeholder-for-13065\/"},"modified":"2026-03-31T12:50:50","modified_gmt":"2026-03-31T10:50:50","slug":"ost-skinka-fralla","status":"publish","type":"product","link":"https:\/\/www.avellino.se\/ica-kvantum-molndal\/produkt\/ost-skinka-fralla\/","title":{"rendered":"Ost &#038; skinka fralla"},"content":{"rendered":"<p><strong>Inneh\u00e5ll:<\/strong>\u00a0sm\u00f6rg\u00e5smargarin (vegetabiliskt fett, syrat <strong>SKUMMJ\u00d6LK<\/strong>, salt, emulgeringsmedel:mono och dyglicerider av fettsyror(E471), konserveringsmedel, kaliumsorbat (E202), arom, f\u00e4rg:betacaroten), ost (pasteuriserad<strong> MJ\u00d6LK<\/strong>, syrningskultur, salt, l\u00f6pe, konserveringsm. E231,f\u00e4rg\u00e4mneE160b), r\u00f6kt skinka (skinka, potatisst\u00e4rkelse, glukossirap, salt, E412, E407, grisprotein, E301, E325, E262, E250, r\u00f6karom, druvsocker), gurka, paprika, sallad. Br\u00f6d: <strong>VETEMJ\u00d6L<\/strong>, vatten, j\u00e4st, margarin ((vegetariskt fett (palm*), vatten, rapsolja, emulgeringsmedel (E 471, E 322), citronjuice, salt (0,2%), naturlig arom)), salt, druvsocker, emulgeringsmedel (E 472e), mj\u00f6lbehandlingsmedel E300.<\/p>\n","protected":false},"excerpt":{"rendered":"<p>Ljus fralla med gouda ost och r\u00f6kt skinka, r\u00f6d paprika, gurka och salladsblad.<\/p>\n","protected":false},"featured_media":172,"template":"","meta":[],"product_brand":[],"product_cat":[19],"product_tag":[],"class_list":{"0":"post-104","1":"product","2":"type-product","3":"status-publish","4":"has-post-thumbnail","6":"product_cat-smorgasar","8":"first","9":"instock","10":"purchasable","11":"product-type-simple"},"_links":{"self":[{"href":"https:\/\/www.avellino.se\/ica-kvantum-molndal\/wp-json\/wp\/v2\/product\/104","targetHints":{"allow":["GET"]}}],"collection":[{"href":"https:\/\/www.avellino.se\/ica-kvantum-molndal\/wp-json\/wp\/v2\/product"}],"about":[{"href":"https:\/\/www.avellino.se\/ica-kvantum-molndal\/wp-json\/wp\/v2\/types\/product"}],"wp:featuredmedia":[{"embeddable":true,"href":"https:\/\/www.avellino.se\/ica-kvantum-molndal\/wp-json\/wp\/v2\/media\/172"}],"wp:attachment":[{"href":"https:\/\/www.avellino.se\/ica-kvantum-molndal\/wp-json\/wp\/v2\/media?parent=104"}],"wp:term":[{"taxonomy":"product_brand","embeddable":true,"href":"https:\/\/www.avellino.se\/ica-kvantum-molndal\/wp-json\/wp\/v2\/product_brand?post=104"},{"taxonomy":"product_cat","embeddable":true,"href":"https:\/\/www.avellino.se\/ica-kvantum-molndal\/wp-json\/wp\/v2\/product_cat?post=104"},{"taxonomy":"product_tag","embeddable":true,"href":"https:\/\/www.avellino.se\/ica-kvantum-molndal\/wp-json\/wp\/v2\/product_tag?post=104"}],"curies":[{"name":"wp","href":"https:\/\/api.w.org\/{rel}","templated":true}]}}