

{"id":45,"date":"2018-10-17T08:47:52","date_gmt":"2018-10-17T06:47:52","guid":{"rendered":"https:\/\/www.avellino.se\/ica-kvantum-kungsbacka\/produkt\/import-placeholder-for-13030\/"},"modified":"2023-04-12T09:47:21","modified_gmt":"2023-04-12T07:47:21","slug":"vegetarisk-fat","status":"publish","type":"product","link":"https:\/\/www.avellino.se\/ica-kvantum-backebol\/produkt\/vegetarisk-fat\/","title":{"rendered":"Vegetarisk fat"},"content":{"rendered":"<p><strong>Inneh\u00e5ll:<\/strong>\u00a0morotsbollar (morot, potatis, k\u00e5lrot, r\u00f6da linser, gula \u00e4rtor, potatisflingor, potatismj\u00f6l, gr\u00f6nsaksbuljong (salt, l\u00f6k, socker, maltodextrin (majs), arom), gult l\u00f6kpulver, guark\u00e4rnmj\u00f6l, salt, vitpeppar, rapsolja) , risfyllda vinbladsdolmar (ris, vinblad, vegetabilisk olja, vatten, l\u00f6k, dill, mynta, salt, kryddor, citronsyra) ,mozzarella (<strong>MJ\u00d6LK<\/strong> past\u00f6riserad, salt, l\u00f6pe, citronsyra), soltorkadtomat ( soltorkadtomat, olja, salt, vin\u00e4ger (vin, vatten,<strong> SULFITER<\/strong>), socker, askorbinsyra) , oliver (oliver, vatten, paprikapasta (paprika, f\u00f6rtjockningsmedel (natriumalginat, guargummi), stabiliser.medel (E509), konserv.medel (E202), salt, syra (mj\u00f6lksyra)), olivtapenade (oliver, olja, salt, kryddor, citronsaft, vitl\u00f6k), marinerad vitl\u00f6k (vitl\u00f6k olja, salt, kryddor), b\u00f6nsallad (b\u00f6nor, salt, balsamico (vin\u00e4ger av vin, koncentrerad druvmust),l\u00f6k),cornichons (gurkor, vatten, vin\u00e4ger, salt, socker, kryddor (vitpeppar och dill) med vitl\u00f6ksolja), kronhj\u00e4rtan (vatten, salt, citronsyra), tomater, gurka, paprika, r\u00f6da druvor, kiwi, melon,physalis.<\/p>\n","protected":false},"excerpt":{"rendered":"<p>Matigt fat best\u00e5ende av falafel, ris fyllda vinbladsdolmar, mozzarella &amp; soltorkad tomat, olivtapenade, b\u00f6nsallad, oliv &amp; cornichons med vitl\u00f6ksolja, kronhj\u00e4rtan sallad med soltorkad tomat och vitl\u00f6ksolja. Vackert upplagt tillsammans med passande frukter och gr\u00f6nsaker.<\/p>\n<p><strong><em>Best\u00e4lls i antal portioner.\u00a0<\/em><\/strong><strong><em> Minimum 6 portioner<\/em><\/strong><\/p>\n","protected":false},"featured_media":83,"template":"","meta":[],"product_brand":[],"product_cat":[16],"product_tag":[],"class_list":{"0":"post-45","1":"product","2":"type-product","3":"status-publish","4":"has-post-thumbnail","6":"product_cat-festfat","8":"first","9":"instock","10":"purchasable","11":"product-type-simple"},"_links":{"self":[{"href":"https:\/\/www.avellino.se\/ica-kvantum-backebol\/wp-json\/wp\/v2\/product\/45","targetHints":{"allow":["GET"]}}],"collection":[{"href":"https:\/\/www.avellino.se\/ica-kvantum-backebol\/wp-json\/wp\/v2\/product"}],"about":[{"href":"https:\/\/www.avellino.se\/ica-kvantum-backebol\/wp-json\/wp\/v2\/types\/product"}],"wp:featuredmedia":[{"embeddable":true,"href":"https:\/\/www.avellino.se\/ica-kvantum-backebol\/wp-json\/wp\/v2\/media\/83"}],"wp:attachment":[{"href":"https:\/\/www.avellino.se\/ica-kvantum-backebol\/wp-json\/wp\/v2\/media?parent=45"}],"wp:term":[{"taxonomy":"product_brand","embeddable":true,"href":"https:\/\/www.avellino.se\/ica-kvantum-backebol\/wp-json\/wp\/v2\/product_brand?post=45"},{"taxonomy":"product_cat","embeddable":true,"href":"https:\/\/www.avellino.se\/ica-kvantum-backebol\/wp-json\/wp\/v2\/product_cat?post=45"},{"taxonomy":"product_tag","embeddable":true,"href":"https:\/\/www.avellino.se\/ica-kvantum-backebol\/wp-json\/wp\/v2\/product_tag?post=45"}],"curies":[{"name":"wp","href":"https:\/\/api.w.org\/{rel}","templated":true}]}}