

{"id":43,"date":"2018-10-17T08:47:52","date_gmt":"2018-10-17T06:47:52","guid":{"rendered":"https:\/\/www.avellino.se\/ica-kvantum-kungsbacka\/produkt\/import-placeholder-for-13028\/"},"modified":"2023-04-12T09:47:34","modified_gmt":"2023-04-12T07:47:34","slug":"ostbricka","status":"publish","type":"product","link":"https:\/\/www.avellino.se\/ica-kvantum-backebol\/produkt\/ostbricka\/","title":{"rendered":"Ostbricka"},"content":{"rendered":"<p><strong>Inneh\u00e5ll:<\/strong>\u00a0brieost (past\u00f6riserad<strong> KOMJ\u00d6LK,<\/strong> salt, mikrobiellt ystenzym, syrningskultur) ,cambozola (past\u00f6riserad <strong>KOMJ\u00d6LK<\/strong>,salt, <strong>MJ\u00d6LK<\/strong>syrakulturer, l\u00f6pe, m\u00f6gelkultur),danablu (termiserad <strong>MJ\u00d6LK, MJ\u00d6LK<\/strong>syrakultur, penicillium, roqueforti, ystenzym), herrg\u00e5rdsost (past\u00f6riserad <strong>MJ\u00d6LK<\/strong>, salt, syrakultur, ystenzym, kalciumklorid, E202), dadlar, kex (<strong>VETEMJ\u00d6L<\/strong>, vegetabilisk olja, <strong>FULLKORNSVETEMJ\u00d6L<\/strong>, socker, salt, vasslepulver fr\u00e5n <strong>MJ\u00d6LK<\/strong>, bakpulver, <strong>SOJAPROTEIN<\/strong>, maltmj\u00f6l av <strong>KORN<\/strong>), sylt (fikon,socker, \u00e4ppelkoncentrat, pektin, citronsyra, kaliumsorbat),bladsallad, druvor, melon, cocktail tomater, kiwi.<\/p>\n","protected":false},"excerpt":{"rendered":"<p>Ostbricka best\u00e5ende av fyra olika sorters delikatessostar (brie, cambozola, herrg\u00e5rd och danablu) serveras tillsammans med s\u00e4songens h\u00e4rliga frukter(physalis, kiwi, dadlar,) och marmelad.<\/p>\n<p>Faten inneh\u00e5ller ca 100 gr ost\/person<\/p>\n<p><strong><em>Best\u00e4lls i antal portioner.\u00a0<\/em><\/strong><strong><em> Minimum 6 portioner<\/em><\/strong><\/p>\n","protected":false},"featured_media":81,"template":"","meta":[],"product_brand":[],"product_cat":[16],"product_tag":[],"class_list":{"0":"post-43","1":"product","2":"type-product","3":"status-publish","4":"has-post-thumbnail","6":"product_cat-festfat","8":"first","9":"instock","10":"purchasable","11":"product-type-simple"},"_links":{"self":[{"href":"https:\/\/www.avellino.se\/ica-kvantum-backebol\/wp-json\/wp\/v2\/product\/43","targetHints":{"allow":["GET"]}}],"collection":[{"href":"https:\/\/www.avellino.se\/ica-kvantum-backebol\/wp-json\/wp\/v2\/product"}],"about":[{"href":"https:\/\/www.avellino.se\/ica-kvantum-backebol\/wp-json\/wp\/v2\/types\/product"}],"wp:featuredmedia":[{"embeddable":true,"href":"https:\/\/www.avellino.se\/ica-kvantum-backebol\/wp-json\/wp\/v2\/media\/81"}],"wp:attachment":[{"href":"https:\/\/www.avellino.se\/ica-kvantum-backebol\/wp-json\/wp\/v2\/media?parent=43"}],"wp:term":[{"taxonomy":"product_brand","embeddable":true,"href":"https:\/\/www.avellino.se\/ica-kvantum-backebol\/wp-json\/wp\/v2\/product_brand?post=43"},{"taxonomy":"product_cat","embeddable":true,"href":"https:\/\/www.avellino.se\/ica-kvantum-backebol\/wp-json\/wp\/v2\/product_cat?post=43"},{"taxonomy":"product_tag","embeddable":true,"href":"https:\/\/www.avellino.se\/ica-kvantum-backebol\/wp-json\/wp\/v2\/product_tag?post=43"}],"curies":[{"name":"wp","href":"https:\/\/api.w.org\/{rel}","templated":true}]}}