

{"id":274,"date":"2018-10-17T09:07:10","date_gmt":"2018-10-17T09:07:10","guid":{"rendered":"https:\/\/www.avellino.se\/ica-kvantum-kungsbacka\/produkt\/import-placeholder-for-13181\/"},"modified":"2023-04-19T09:01:31","modified_gmt":"2023-04-19T07:01:31","slug":"ost-rostbiff-tarta","status":"publish","type":"product","link":"https:\/\/www.avellino.se\/ica-kvantum-backebol\/produkt\/ost-rostbiff-tarta\/","title":{"rendered":"Ost &#038; rostbiff t\u00e5rta"},"content":{"rendered":"<p><strong>Inneh\u00e5ll:\u00a0<\/strong>rostbiffr\u00f6ra (rostbiff 20% (n\u00f6tk\u00f6tt, st\u00e4rkelse, kryddor,naturlig arom, gr\u00f6nsaksjuice, salt, E250, citron, peppar, koriander, kummin, l\u00f6k, paprika), kapris, (kapris, vatten, salt, vin\u00e4ger), (majonn\u00e4s (vegetabilisk olja, vin\u00e4ger, vatten, <strong>\u00c4GGULA<\/strong>, <strong>SENAP<\/strong>, glukos ,salt, citronjuice, E412, konserveringsmedel E202, antioxidationmedel E330, E385, \u00f6rter, f\u00e4rg\u00e4mne E 160a, paprika) sm\u00f6rg\u00e5sgurka (gurka, socker, <strong>SENAPSFR\u00d6<\/strong>, \u00e4ttika, dill), ananas , persilja, citronpeppar (salt, svartpeppar, syra, socker, l\u00f6k, citronjuicepulver), potatis), rostbiff 5% (n\u00f6tk\u00f6tt, st\u00e4rkelse, kryddor,naturlig arom, gr\u00f6nsaksjuice, salt, E250, citron, peppar, koriander, kummin, l\u00f6k, paprika) ost 5% (past\u00f6riserad <strong>MJ\u00d6LK<\/strong>, syrningskultur, salt, l\u00f6pe, konserveringsmedel E231, f\u00e4rg\u00e4mne E160b),<strong> \u00c4GG<\/strong> (salt, \u00e4ttika, citronsyra E330), gurka, tomat, paprika, persilja, oliver (oliver, vatten, paprikapasta (paprika, f\u00f6rtjockningsmedel (natriumalginat, guargummi), stabiliser.medel (E509), konserv.medel (E202), salt, syra (mj\u00f6lksyra)). Br\u00f6d: <strong>VETEMJ\u00d6L<\/strong>, sirap,rapsolja, siktat <strong>R\u00c5GMJ\u00d6L<\/strong>,surdeg av <strong>VETE<\/strong>, j\u00e4st, salt, maltmj\u00f6l av <strong>KORN<\/strong>, mj\u00f6lbehandlingsmedel E300, <strong>VETEGLUTEN<\/strong><\/p>\n<p><b>Ost &amp; rostbiff t\u00e5rta p\u00e5 glutenfritt\u00a0br\u00f6d inneh\u00e5ll:<\/b>\u00a0rostbiffr\u00f6ra (rostbiff 20% (n\u00f6tk\u00f6tt, st\u00e4rkelse, kryddor,naturlig arom, gr\u00f6nsaksjuice, salt, E250, citron, peppar, koriander, kummin, l\u00f6k, paprika), kapris, (kapris, vatten, salt, vin\u00e4ger), (majonn\u00e4s (vegetabilisk olja, vin\u00e4ger, vatten, <strong>\u00c4GGULA<\/strong>, <strong>SENAP<\/strong>, glukos ,salt, citronjuice, E412, konserveringsmedel E202, antioxidationmedel E330, E385, \u00f6rter, f\u00e4rg\u00e4mne E 160a, paprika) sm\u00f6rg\u00e5sgurka (gurka, socker, <strong>SENAPSFR\u00d6<\/strong>, \u00e4ttika, dill), ananas , persilja, citronpeppar\u00a0(salt, svartpeppar, syra, socker, l\u00f6k, citronjuicepulver),\u00a0 \u00a0potatis), rostbiff 5% (n\u00f6tk\u00f6tt, st\u00e4rkelse, kryddor,naturlig arom, gr\u00f6nsaksjuice, salt, E250, citron, peppar, coriander, kummin, l\u00f6k, paprika)ost 5% (past\u00f6riserad <strong>MJ\u00d6LK<\/strong>, syrningskultur, salt, l\u00f6pe, konserveringsmedel E231, f\u00e4rg\u00e4mne E160b), <strong>\u00c4GG<\/strong> (salt, \u00e4ttika, citronsyra E330), gurka, tomat, paprika, persilja, oliver (oliver, vatten, paprikapasta (paprika, f\u00f6rtjockningsmedel (natriumalginat, guargummi), stabiliser.medel (E509), konserv.medel (E202), salt, syra (mj\u00f6lksyra)).\u00a0Glutenfritt Br\u00f6d: glutenfri <strong>VETEST\u00c4RKELSE<\/strong> (max 2 mg <strong>GLUTEN<\/strong>\/100 g), skum<strong>MJ\u00d6LK<\/strong>spulver (12%), socker, f\u00f6rtjockningsmedel (guark\u00e4rnmj\u00f6l, hydroxipropylmetylcellulosa), bakpulver (glukonsyrans deltalakton, natriumbikarbonat) mineral\u00e4mne (j\u00e4rn), vitaminer (tiamin, riboflavin, niacin, B6, folsyra), vatten, salt, rapsolja, j\u00e4st, potatisfiber, rismj\u00f6l.<\/p>\n<p><b>Ost &amp; rostbiff bit utan \u00e4gg<\/b><strong>\u00a0inneh\u00e5ll:<\/strong>\u00a0rostbiffr\u00f6ra (rostbiff 20% (n\u00f6tk\u00f6tt, st\u00e4rkelse, kryddor,naturlig arom, gr\u00f6nsaksjuice, salt, E250, citron, peppar, koriander, kummin, l\u00f6k, paprika), kapris, (kapris, vatten, salt, vin\u00e4ger), h\u00f6gpast\u00f6riserad <strong>GR\u00c4DDE<\/strong>, syrningskultur, sm\u00f6rg\u00e5sgurka (gurka, socker, <strong>SENAPSFR\u00d6<\/strong>, \u00e4ttika, dill), ananas , persilja, citronpeppar (syra, socker, potatisst\u00e4rkelse, smakf\u00f6rst\u00e4rkare E621, l\u00f6k), potatis), rostbiff 5% (n\u00f6tk\u00f6tt, st\u00e4rkelse, kryddor,naturlig arom, gr\u00f6nsaksjuice, salt, E250, citron, peppar, koriander, kummin, l\u00f6k, paprika)ost 5% (past\u00f6riserad <strong>MJ\u00d6LK<\/strong>, syrningskultur, salt, l\u00f6pe, konserveringsmedel E231, f\u00e4rg\u00e4mne E160b), gurka, tomat, paprika, persilja, oliver (oliver, vatten, paprikapasta (paprika, f\u00f6rtjockningsmedel (natriumalginat, guargummi), stabiliser.medel (E509), konserv.medel (E202), salt, syra (mj\u00f6lksyra)). Br\u00f6d: <strong>VETEMJ\u00d6L<\/strong>, sirap,rapsolja, siktat <strong>R\u00c5GMJ\u00d6L<\/strong>,surdeg av <strong>VETE<\/strong>, j\u00e4st, salt, maltmj\u00f6l av <strong>KORN<\/strong>, mj\u00f6lbehandlingsmedel E300, <strong>VETEGLUTEN.<\/strong><\/p>\n<p>&nbsp;<\/p>\n","protected":false},"excerpt":{"rendered":"<p>Detta \u00e4r en matig och stilfull sm\u00f6rg\u00e5st\u00e5rta med h\u00e4rliga smaker som passar de flesta. V\u00e5r l\u00e4cker fyllning \u00e4r gjord av bland annat grillad rostbiff, ananas, potatis, sm\u00f6rg\u00e5sgurka och majonn\u00e4s; vackert dekorerad med gouda ost och grillad rostbiff samt passande gr\u00f6nsaker.<\/p>\n","protected":false},"featured_media":300,"template":"","meta":[],"product_brand":[],"product_cat":[21],"product_tag":[22,23,24],"class_list":{"0":"post-274","1":"product","2":"type-product","3":"status-publish","4":"has-post-thumbnail","6":"product_cat-smorgastartor","7":"product_tag-aggfri","8":"product_tag-glutenfri","9":"product_tag-glutenfritt","11":"first","12":"instock","13":"shipping-taxable","14":"purchasable","15":"product-type-variable"},"_links":{"self":[{"href":"https:\/\/www.avellino.se\/ica-kvantum-backebol\/wp-json\/wp\/v2\/product\/274","targetHints":{"allow":["GET"]}}],"collection":[{"href":"https:\/\/www.avellino.se\/ica-kvantum-backebol\/wp-json\/wp\/v2\/product"}],"about":[{"href":"https:\/\/www.avellino.se\/ica-kvantum-backebol\/wp-json\/wp\/v2\/types\/product"}],"wp:featuredmedia":[{"embeddable":true,"href":"https:\/\/www.avellino.se\/ica-kvantum-backebol\/wp-json\/wp\/v2\/media\/300"}],"wp:attachment":[{"href":"https:\/\/www.avellino.se\/ica-kvantum-backebol\/wp-json\/wp\/v2\/media?parent=274"}],"wp:term":[{"taxonomy":"product_brand","embeddable":true,"href":"https:\/\/www.avellino.se\/ica-kvantum-backebol\/wp-json\/wp\/v2\/product_brand?post=274"},{"taxonomy":"product_cat","embeddable":true,"href":"https:\/\/www.avellino.se\/ica-kvantum-backebol\/wp-json\/wp\/v2\/product_cat?post=274"},{"taxonomy":"product_tag","embeddable":true,"href":"https:\/\/www.avellino.se\/ica-kvantum-backebol\/wp-json\/wp\/v2\/product_tag?post=274"}],"curies":[{"name":"wp","href":"https:\/\/api.w.org\/{rel}","templated":true}]}}