

{"id":118,"date":"2018-10-17T08:53:33","date_gmt":"2018-10-17T06:53:33","guid":{"rendered":"https:\/\/www.avellino.se\/ica-kvantum-kungsbacka\/produkt\/import-placeholder-for-13071\/"},"modified":"2023-04-12T09:35:05","modified_gmt":"2023-04-12T07:35:05","slug":"wrap-med-tonfisksallad","status":"publish","type":"product","link":"https:\/\/www.avellino.se\/ica-kvantum-backebol\/produkt\/wrap-med-tonfisksallad\/","title":{"rendered":"Wrap med tonfisksallad"},"content":{"rendered":"<p><strong>Inneh\u00e5ll:<\/strong>\u00a0tonfiskr\u00f6ra (citronpeppar (salt, syra, svartpeppar, potatisst\u00e4rkelse, socker, l\u00f6k, arom, citronjuisekoncentrat), sweet chilli s\u00e5s (socker, vatten, chillipeppar, \u00e4ttika, modifierad majsst\u00e4rkelse, citronsyra), \u00e4kta majonn\u00e4s(vegetabilisk olja, vin\u00e4ger, vatten, <strong>\u00c4GGULA, SENAP<\/strong>, glucos, salt, citronjuce, E412, konserveringsm. E202, antioxidationmedel E330, E385, \u00f6rter, f\u00e4rg\u00e4mne E160a, paprika),<strong>TONFISK<\/strong> 12% i vatten (<strong>TONFISK<\/strong>, vatten, salt) r\u00f6dl\u00f6k, kokt potatis (potatis, salt), majs, purjol\u00f6k, torr dill, sm\u00f6rg\u00e5sgurka (gurka, socker, <strong>SENAPFR\u00d6<\/strong>, \u00e4ttika, dill), gurka,tomat, citron, ruccola, babyspenat, r\u00f6d mangold.<br \/>\nBr\u00f6d: <strong>VETEMJ\u00d6L<\/strong>, vatten, j\u00e4st, salt, socker<\/p>\n","protected":false},"excerpt":{"rendered":"<p>Tonfisksallad med gr\u00f6nsaker i lavashbr\u00f6d.<\/p>\n","protected":false},"featured_media":184,"template":"","meta":[],"product_brand":[],"product_cat":[19],"product_tag":[],"class_list":{"0":"post-118","1":"product","2":"type-product","3":"status-publish","4":"has-post-thumbnail","6":"product_cat-smorgasar","8":"first","9":"instock","10":"purchasable","11":"product-type-simple"},"_links":{"self":[{"href":"https:\/\/www.avellino.se\/ica-kvantum-backebol\/wp-json\/wp\/v2\/product\/118","targetHints":{"allow":["GET"]}}],"collection":[{"href":"https:\/\/www.avellino.se\/ica-kvantum-backebol\/wp-json\/wp\/v2\/product"}],"about":[{"href":"https:\/\/www.avellino.se\/ica-kvantum-backebol\/wp-json\/wp\/v2\/types\/product"}],"wp:featuredmedia":[{"embeddable":true,"href":"https:\/\/www.avellino.se\/ica-kvantum-backebol\/wp-json\/wp\/v2\/media\/184"}],"wp:attachment":[{"href":"https:\/\/www.avellino.se\/ica-kvantum-backebol\/wp-json\/wp\/v2\/media?parent=118"}],"wp:term":[{"taxonomy":"product_brand","embeddable":true,"href":"https:\/\/www.avellino.se\/ica-kvantum-backebol\/wp-json\/wp\/v2\/product_brand?post=118"},{"taxonomy":"product_cat","embeddable":true,"href":"https:\/\/www.avellino.se\/ica-kvantum-backebol\/wp-json\/wp\/v2\/product_cat?post=118"},{"taxonomy":"product_tag","embeddable":true,"href":"https:\/\/www.avellino.se\/ica-kvantum-backebol\/wp-json\/wp\/v2\/product_tag?post=118"}],"curies":[{"name":"wp","href":"https:\/\/api.w.org\/{rel}","templated":true}]}}