

{"id":114,"date":"2018-10-17T08:53:11","date_gmt":"2018-10-17T06:53:11","guid":{"rendered":"https:\/\/www.avellino.se\/ica-kvantum-kungsbacka\/produkt\/import-placeholder-for-13069\/"},"modified":"2023-04-12T09:35:49","modified_gmt":"2023-04-12T07:35:49","slug":"husets-landgang","status":"publish","type":"product","link":"https:\/\/www.avellino.se\/ica-kvantum-backebol\/produkt\/husets-landgang\/","title":{"rendered":"Husets landg\u00e5ng"},"content":{"rendered":"<p><strong>Inneh\u00e5ll:<\/strong>\u00a0 k\u00f6ttbullar (n\u00f6tk\u00f6tt, vatten, potatisfiber, druvsocker, l\u00f6k, potatisflingor, potatisst\u00e4rkelse, salt, potatisfiber, j\u00e4stextrakt, kryddor, (vitpeppar, salvia)), r\u00f6dbetssallad (r\u00f6dbetor, rapsolja, \u00e4pple, <strong>\u00c4GGULA<\/strong>, socker, salt, kryddor (cayennepeppar, gurkmeja), <strong>SENAPSFR\u00d6<\/strong>, \u00e4ttika,stabiliseringsmedel (guark\u00e4rnmj\u00f6l, xantangummi), surhetsreglerande medel (citronsyra), konserveringsmedel (natriumbensoat, kaliumsorbat)),<strong> R\u00c4KOR (R\u00c4KOR<\/strong>, vatten, salt, konserveringsmedel (E211, E202), surhetsreglerande medel (E330, E331), socker) ,<strong>\u00c4GG<\/strong> (salt, \u00e4ttika, citronsyraE330), r\u00f6kt skinka (skinka, potatisst\u00e4rkelse, glukossirap, salt, E412, E407, grisprotein, E301, E325, E262, E250, r\u00f6karom, druvsocker), sm\u00f6rg\u00e5smargarin (vegetabiliskt fett, syrat <strong>SKUMMJ\u00d6LK<\/strong>, salt, emulgeringsmedel:mono och dyglicerider av fettsyror(E471), konserveringsmedel:kaliumsorbat(E202), arom, f\u00e4rg:betacaroten) brieost (past. <strong>KOMJ\u00d6LK<\/strong>, mikrobiellt ystenzym, syrkultur, salt), ost (pasteuriserad <strong>MJ\u00d6LK<\/strong>, syrningskultur, salt, l\u00f6pe,konserveringsm. E231,f\u00e4rg\u00e4mneE160b), \u00e4kta majonn\u00e4s( vegetabilisk olja, vin\u00e4ger, vatten, <strong>\u00c4GGULA, SENAP<\/strong>, glucos, salt, citronjuce, E412, konserveringsm. E202, antioxidationmedel E330, E385, \u00f6rter, f\u00e4rg\u00e4mne E160a, paprika), potatissallad (potatis (potatis, salt, vatten), maj\u00f6nn\u00e4s, (vegetabilisk olja, vin\u00e4ger,vatten, <strong>\u00c4GGULA, SENAP<\/strong>, glucos, salt, citronjuce, E412, konserveringsmedel E202, antioxidationmedel E330, E385, \u00f6rter, f\u00e4rg\u00e4mne, E 160a, paprika) sm\u00f6rg\u00e5sgurka (gurka, socker, <strong>SENAPFR\u00d6<\/strong>, \u00e4ttika, dill), dill, paprika, citronpeppar (salt, svartpeppar, syra, socker, l\u00f6k, citronjuicepulver), persilja, salt)), oliver (oliver, vatten, paprikapasta (paprika, f\u00f6rtjockn.medel (natriumalginat, guargummi), stabiliser.medel (E509), konserv.medel (E202), salt, syra (mj\u00f6lksyra)), sallad, tomat, citron, gurka, paprika, dill, persilja. Br\u00f6d:<strong> VETEMJ\u00d6L<\/strong>, vatten, margarin ((vegetariskt fett (palm), vatten, rapsolja, emulgeringsmedel (E 471, E 322), citronjuice, salt, naturlig arom)), socker, j\u00e4st, salt, druvsocker, emulgeringsmedel (E 472e) mj\u00f6lbehandlingsmedel E300.<\/p>\n","protected":false},"excerpt":{"rendered":"<p>Landg\u00e5ng med r\u00e4kor i lag, \u00e4gg och majonn\u00e4s, r\u00f6dbetssallad med k\u00f6ttbullar och sm\u00f6rg\u00e5sgurka, brieost, potatissallad samt gouda ost och r\u00f6kt skinka garnerad med gr\u00f6nsaker.<\/p>\n","protected":false},"featured_media":179,"template":"","meta":[],"product_brand":[],"product_cat":[19],"product_tag":[],"class_list":{"0":"post-114","1":"product","2":"type-product","3":"status-publish","4":"has-post-thumbnail","6":"product_cat-smorgasar","8":"first","9":"instock","10":"purchasable","11":"product-type-simple"},"_links":{"self":[{"href":"https:\/\/www.avellino.se\/ica-kvantum-backebol\/wp-json\/wp\/v2\/product\/114","targetHints":{"allow":["GET"]}}],"collection":[{"href":"https:\/\/www.avellino.se\/ica-kvantum-backebol\/wp-json\/wp\/v2\/product"}],"about":[{"href":"https:\/\/www.avellino.se\/ica-kvantum-backebol\/wp-json\/wp\/v2\/types\/product"}],"wp:featuredmedia":[{"embeddable":true,"href":"https:\/\/www.avellino.se\/ica-kvantum-backebol\/wp-json\/wp\/v2\/media\/179"}],"wp:attachment":[{"href":"https:\/\/www.avellino.se\/ica-kvantum-backebol\/wp-json\/wp\/v2\/media?parent=114"}],"wp:term":[{"taxonomy":"product_brand","embeddable":true,"href":"https:\/\/www.avellino.se\/ica-kvantum-backebol\/wp-json\/wp\/v2\/product_brand?post=114"},{"taxonomy":"product_cat","embeddable":true,"href":"https:\/\/www.avellino.se\/ica-kvantum-backebol\/wp-json\/wp\/v2\/product_cat?post=114"},{"taxonomy":"product_tag","embeddable":true,"href":"https:\/\/www.avellino.se\/ica-kvantum-backebol\/wp-json\/wp\/v2\/product_tag?post=114"}],"curies":[{"name":"wp","href":"https:\/\/api.w.org\/{rel}","templated":true}]}}